{"id":1461,"date":"2024-10-21T13:15:02","date_gmt":"2024-10-21T11:15:02","guid":{"rendered":"https:\/\/diligens.inconectawebs.com\/?page_id=1461"},"modified":"2024-12-03T10:45:00","modified_gmt":"2024-12-03T09:45:00","slug":"aviso-legal","status":"publish","type":"page","link":"https:\/\/diligens.es\/en\/aviso-legal\/","title":{"rendered":"Legal notice"},"content":{"rendered":"<div data-elementor-type=\"wp-page\" data-elementor-id=\"1461\" class=\"elementor elementor-1461\">\n\t\t\t\t<div class=\"elementor-element elementor-element-b39db81 e-flex e-con-boxed e-con e-parent\" data-id=\"b39db81\" data-element_type=\"container\">\n\t\t\t\t\t<div class=\"e-con-inner\">\n\t\t\t\t<div class=\"elementor-element elementor-element-8333777 elementor-widget elementor-widget-text-editor\" data-id=\"8333777\" data-element_type=\"widget\" data-widget_type=\"text-editor.default\">\n\t\t\t\t<div class=\"elementor-widget-container\">\n\t\t\t<style>\/*! elementor - v3.23.0 - 15-07-2024 *\/\n.elementor-widget-text-editor.elementor-drop-cap-view-stacked .elementor-drop-cap{background-color:#69727d;color:#fff}.elementor-widget-text-editor.elementor-drop-cap-view-framed .elementor-drop-cap{color:#69727d;border:3px solid;background-color:transparent}.elementor-widget-text-editor:not(.elementor-drop-cap-view-default) .elementor-drop-cap{margin-top:8px}.elementor-widget-text-editor:not(.elementor-drop-cap-view-default) .elementor-drop-cap-letter{width:1em;height:1em}.elementor-widget-text-editor .elementor-drop-cap{float:left;text-align:center;line-height:1;font-size:50px}.elementor-widget-text-editor .elementor-drop-cap-letter{display:inline-block}<\/style>\t\t\t\t<p><strong>OBJECT:\u00a0<\/strong><\/p><p>This website has been designed to publicize the services offered by the entity \u201cDILIGENS TAX CONSULTING\u201d, C\/ de Crist\u00f3bal Bordi\u00fa 35, province of Madrid, with Post Code 28003, Spain; as well as for the reception of potential clients, business contacts and job applications.<\/p><p><strong>INTELLECTUAL AND INDUSTRIAL PROPERTY:<\/strong><\/p><p>The intellectual property rights of the page<strong><a href=\"https:\/\/diligens.es\/en\/\">\u00a0www.diligens.es\u00a0<\/a><\/strong>,  its source code, design, navigation structures and the different elements contained therein are the property of \u201cDILIGENS TAX CONSULTING\u201d, to whom the exclusive exercise of the rights of exploitation of the same in any form corresponds and, in particular, the rights of reproduction, distribution, public communication and transformation, in accordance with the applicable Spanish and European Union legislation.<\/p><p>The \u201cDILIGENS TAX CONSULTING\u201d portal, the pages it comprises and the information or elements contained therein, include texts, documents, photographs, drawings, graphic representations, computer programs, as well as logos, brands, trade names, or other distinctive signs, protected by intellectual or industrial property rights, of which \u201cDILIGENS TAX CONSULTING\u201d is the owner or legitimate licensee.<\/p><p><strong>CONTENTS:<\/strong><\/p><p>Information is provided through this website about services intended for public knowledge that will in any case be subject to the terms and conditions expressly detailed at all times and which are accessible from this website, which will be subject to the various applicable legal provisions.<\/p><p><strong>ACCESS AND USE:<\/strong><\/p><p>Both access to this website and the use that may be made of the information and content included therein shall be the exclusive responsibility of the person doing so.<\/p><p>The conditions of access to this website are subject to current legislation and the principles of good faith and lawful use by the user thereof, with any type of action to the detriment of \u201cDILIGENS TAX CONSULTING\u201d being generally prohibited.<\/p><p>The use of this website for illegal or unauthorized purposes is strictly prohibited.<\/p><p>Any form of exploitation, including all types of reproduction, distribution, transfer to third parties, public communication and transformation, through any type of support and medium, of the aforementioned works, creations and distinctive signs is prohibited without prior and express authorization from their respective owners. Failure to comply with this prohibition may constitute an infraction punishable by current legislation.<\/p><p>However, at the user's own risk, the user may download or make a copy of such elements exclusively for personal use, provided that this does not infringe any of the intellectual or industrial property rights of \u201cDILIGENS TAX CONSULTING\u201d, nor alter them in whole or in part. In no case will this imply an authorization or license on the property rights of \u201cSDILIGENS TAX CONSULTING\u201d.<\/p><p>It is prohibited, except in cases expressly authorized by \u201cSDILIGENS TAX CONSULTING\u201d, to present the pages of \u201cDILIGENS TAX CONSULTING\u201d, or the information contained therein, under frames or frames, distinctive signs, brands or corporate or commercial names of another person, company or entity.<\/p><p><strong>RESPONSIBILITY:<\/strong><\/p><p>\u201cDILIGENS TAX CONSULTING\u201d<strong>\u00a0<\/strong>\u201cDILIGENS TAX CONSULTING\u201d  shall not be liable under any circumstances for any type of damage that Users may cause to this Website, or to any other, due to the illegal or improper use of the same, or of the content and information accessible or provided through it.<\/p><p>Neither \u201cDILIGENS TAX CONSULTING\u201d nor any member of the company is responsible for the comments made by readers on this website. They are the exclusive responsibility of those who make them.<\/p><p><strong>SERVICE:<\/strong><\/p><p>\u201cDILIGENS TAX CONSULTING\u201d reserves the right to suspend access to its website, without prior notice, at its discretion and temporarily, for technical or any other reasons, and may also unilaterally modify both the conditions of access and all or part of the content included therein.<\/p><p><strong>GENERAL:<\/strong><\/p><p>For any dispute or matter concerning the \u201cDILIGENS TAX CONSULTING\u201d Website, Spanish law shall apply, and the Courts and Tribunals of the user\u2019s domicile shall be competent to resolve all conflicts arising from or related to the use of this Website. Access to the \u201cDILIGENS TAX CONSULTING\u201d Website implies acceptance of all the conditions expressed above.<\/p><p><strong>LINKS:<\/strong><\/p><p>The hyperlinks contained in the \u201cDILIGENS TAX CONSULTING\u201d website may lead to third-party websites. \u201cDILIGENS TAX CONSULTING\u201d assumes no responsibility for the content, information or services that may appear on such sites, which will be for informational purposes only and which in no case imply any relationship between \u201cDILIGENS TAX CONSULTING\u201d and the persons or entities that own such content or the owners of the sites where they are located.<\/p><p><strong>USE OF COOKIES:<\/strong><\/p><p>\u201cDILIGENS TAX CONSULTING\u201d may use cookies when a User browses the Portal's web pages. Cookies are only associated with the browser of a specific computer (an anonymous User), and do not provide the User's name and surname by themselves. Thanks to cookies, DILIGENS TAX CONSULTING can recognise preferences regarding Portal content selected by Users on previous visits, in order to remember their preferences without them having to reselect them on subsequent visits.<\/p><p>The User has the option of configuring his\/her browser to be notified on screen of the receipt of cookies and to prevent the installation of cookies on his\/her hard drive.<\/p><p>Please consult your browser's instructions and manuals for further information. In order to use the Portal, it is not necessary for the User to allow the installation of cookies sent by \u201cDILIGENS TAX CONSULTING\u201d, although in such case, it may be necessary for the User to make this selection each time they visit the Portal.<\/p><p><strong>CONTACT ADDRESS:<\/strong><\/p><p>The website diligens.es is managed by \u201cDILIGENS TAX CONSULTING\u201d, registered in the Commercial Registry of Madrid, with the following data: Volume 31898 \u2013 Book 0 \u2013 Section 8 \u2013 Folio 121 \u2013 Sheet M 574118 and with CIF: B86918331. Date: 11\/02\/2014, and entry number: 8.792\/2014<\/p><p>Telephone +34 910 052 367 and email\u00a0<a href=\"mailto:info@diligenss.es\">info@diligens.es<\/a>.<\/p><p>The created file is located at the registered office, which is established for the purposes of this Legal Notice, at \"DILIGENS TAX CONSULTING\", C\/ de Crist\u00f3bal Bordi\u00fa 35, province of Madrid, with Postal Code 28003, Spain; under the supervision and control of \"DILIGENS TAX CONSULTING\", who assumes responsibility for adopting technical and organizational security measures to protect the confidentiality and integrity of the information, in accordance with the provisions of Organic Law 15\/1999, of December 13, on the Protection of Personal Data, and other applicable legislation.<\/p><p>\u201cDILIGENS TAX CONSULTING\u201d, pursuant to Law 34\/2002 on Information Society Services and Electronic Commerce, informs you that the broad meaning of said Law includes among these services the provision of information by said means. In any case, Organic Law 15\/1999, of December 13, on the Protection of Personal Data, and its implementing regulations, will apply in this regard, especially with regard to the collection of personal data, information to interested parties and the creation and maintenance of personal data files.<\/p>\t\t\t\t\t\t<\/div>\n\t\t\t\t<\/div>\n\t\t\t\t\t<\/div>\n\t\t\t\t<\/div>\n\t\t\t\t<\/div>","protected":false},"excerpt":{"rendered":"<p>OBJETO:\u00a0 La presente p\u00e1gina Web ha sido dise\u00f1ada para dar a conocer los servicios ofertados por la entidad \u201cDILIGENS TAX CONSULTING\u201d, C\/ de Crist\u00f3bal Bordi\u00fa 35, provincia de Madrid, con C\u00f3digo Postal 28003 , Espa\u00f1a; as\u00ed como para la recepci\u00f3n de posibles clientes, contactos comerciales y demandas de empleo. PROPIEDAD INTELECTUAL E INDUSTRIAL: Los derechos [&hellip;]<\/p>","protected":false},"author":1,"featured_media":0,"parent":0,"menu_order":0,"comment_status":"closed","ping_status":"closed","template":"","meta":{"footnotes":""},"class_list":["post-1461","page","type-page","status-publish","hentry"],"acf":[],"yoast_head":"<!-- This site is optimized with the Yoast SEO plugin v23.9 - https:\/\/yoast.com\/wordpress\/plugins\/seo\/ -->\n<title>Aviso legal - Diligens<\/title>\n<meta name=\"robots\" content=\"index, follow, max-snippet:-1, max-image-preview:large, max-video-preview:-1\" \/>\n<link rel=\"canonical\" href=\"https:\/\/diligens.es\/en\/aviso-legal\/\" \/>\n<meta property=\"og:locale\" content=\"en_US\" \/>\n<meta property=\"og:type\" content=\"article\" \/>\n<meta property=\"og:title\" content=\"Aviso legal - Diligens\" \/>\n<meta property=\"og:description\" content=\"OBJETO:\u00a0 La presente p\u00e1gina Web ha sido dise\u00f1ada para dar a conocer los servicios ofertados por la entidad \u201cDILIGENS TAX CONSULTING\u201d, C\/ de Crist\u00f3bal Bordi\u00fa 35, provincia de Madrid, con C\u00f3digo Postal 28003 , Espa\u00f1a; as\u00ed como para la recepci\u00f3n de posibles clientes, contactos comerciales y demandas de empleo. PROPIEDAD INTELECTUAL E INDUSTRIAL: Los derechos [&hellip;]\" \/>\n<meta property=\"og:url\" content=\"https:\/\/diligens.es\/en\/aviso-legal\/\" \/>\n<meta property=\"og:site_name\" content=\"Diligens\" \/>\n<meta property=\"article:modified_time\" content=\"2024-12-03T09:45:00+00:00\" \/>\n<meta name=\"twitter:card\" content=\"summary_large_image\" \/>\n<meta name=\"twitter:label1\" content=\"Est. reading time\" \/>\n\t<meta name=\"twitter:data1\" content=\"6 minutes\" \/>\n<script type=\"application\/ld+json\" class=\"yoast-schema-graph\">{\"@context\":\"https:\/\/schema.org\",\"@graph\":[{\"@type\":\"WebPage\",\"@id\":\"https:\/\/diligens.es\/aviso-legal\/\",\"url\":\"https:\/\/diligens.es\/aviso-legal\/\",\"name\":\"Aviso legal - Diligens\",\"isPartOf\":{\"@id\":\"https:\/\/diligens.es\/#website\"},\"datePublished\":\"2024-10-21T11:15:02+00:00\",\"dateModified\":\"2024-12-03T09:45:00+00:00\",\"breadcrumb\":{\"@id\":\"https:\/\/diligens.es\/aviso-legal\/#breadcrumb\"},\"inLanguage\":\"en-US\",\"potentialAction\":[{\"@type\":\"ReadAction\",\"target\":[\"https:\/\/diligens.es\/aviso-legal\/\"]}]},{\"@type\":\"BreadcrumbList\",\"@id\":\"https:\/\/diligens.es\/aviso-legal\/#breadcrumb\",\"itemListElement\":[{\"@type\":\"ListItem\",\"position\":1,\"name\":\"Portada\",\"item\":\"https:\/\/diligens.es\/\"},{\"@type\":\"ListItem\",\"position\":2,\"name\":\"Aviso legal\"}]},{\"@type\":\"WebSite\",\"@id\":\"https:\/\/diligens.es\/#website\",\"url\":\"https:\/\/diligens.es\/\",\"name\":\"Diligens\",\"description\":\"\",\"publisher\":{\"@id\":\"https:\/\/diligens.es\/#organization\"},\"potentialAction\":[{\"@type\":\"SearchAction\",\"target\":{\"@type\":\"EntryPoint\",\"urlTemplate\":\"https:\/\/diligens.es\/?s={search_term_string}\"},\"query-input\":{\"@type\":\"PropertyValueSpecification\",\"valueRequired\":true,\"valueName\":\"search_term_string\"}}],\"inLanguage\":\"en-US\"},{\"@type\":\"Organization\",\"@id\":\"https:\/\/diligens.es\/#organization\",\"name\":\"Diligens\",\"url\":\"https:\/\/diligens.es\/\",\"logo\":{\"@type\":\"ImageObject\",\"inLanguage\":\"en-US\",\"@id\":\"https:\/\/diligens.es\/#\/schema\/logo\/image\/\",\"url\":\"https:\/\/diligens.es\/wp-content\/uploads\/2024\/10\/logodiligen.png\",\"contentUrl\":\"https:\/\/diligens.es\/wp-content\/uploads\/2024\/10\/logodiligen.png\",\"width\":1200,\"height\":430,\"caption\":\"Diligens\"},\"image\":{\"@id\":\"https:\/\/diligens.es\/#\/schema\/logo\/image\/\"}}]}<\/script>\n<!-- \/ Yoast SEO plugin. -->","yoast_head_json":{"title":"Aviso legal - Diligens","robots":{"index":"index","follow":"follow","max-snippet":"max-snippet:-1","max-image-preview":"max-image-preview:large","max-video-preview":"max-video-preview:-1"},"canonical":"https:\/\/diligens.es\/en\/aviso-legal\/","og_locale":"en_US","og_type":"article","og_title":"Aviso legal - Diligens","og_description":"OBJETO:\u00a0 La presente p\u00e1gina Web ha sido dise\u00f1ada para dar a conocer los servicios ofertados por la entidad \u201cDILIGENS TAX CONSULTING\u201d, C\/ de Crist\u00f3bal Bordi\u00fa 35, provincia de Madrid, con C\u00f3digo Postal 28003 , Espa\u00f1a; as\u00ed como para la recepci\u00f3n de posibles clientes, contactos comerciales y demandas de empleo. PROPIEDAD INTELECTUAL E INDUSTRIAL: Los derechos [&hellip;]","og_url":"https:\/\/diligens.es\/en\/aviso-legal\/","og_site_name":"Diligens","article_modified_time":"2024-12-03T09:45:00+00:00","twitter_card":"summary_large_image","twitter_misc":{"Est. reading time":"6 minutes"},"schema":{"@context":"https:\/\/schema.org","@graph":[{"@type":"WebPage","@id":"https:\/\/diligens.es\/aviso-legal\/","url":"https:\/\/diligens.es\/aviso-legal\/","name":"Aviso legal - Diligens","isPartOf":{"@id":"https:\/\/diligens.es\/#website"},"datePublished":"2024-10-21T11:15:02+00:00","dateModified":"2024-12-03T09:45:00+00:00","breadcrumb":{"@id":"https:\/\/diligens.es\/aviso-legal\/#breadcrumb"},"inLanguage":"en-US","potentialAction":[{"@type":"ReadAction","target":["https:\/\/diligens.es\/aviso-legal\/"]}]},{"@type":"BreadcrumbList","@id":"https:\/\/diligens.es\/aviso-legal\/#breadcrumb","itemListElement":[{"@type":"ListItem","position":1,"name":"Portada","item":"https:\/\/diligens.es\/"},{"@type":"ListItem","position":2,"name":"Aviso legal"}]},{"@type":"WebSite","@id":"https:\/\/diligens.es\/#website","url":"https:\/\/diligens.es\/","name":"Diligens","description":"","publisher":{"@id":"https:\/\/diligens.es\/#organization"},"potentialAction":[{"@type":"SearchAction","target":{"@type":"EntryPoint","urlTemplate":"https:\/\/diligens.es\/?s={search_term_string}"},"query-input":{"@type":"PropertyValueSpecification","valueRequired":true,"valueName":"search_term_string"}}],"inLanguage":"en-US"},{"@type":"Organization","@id":"https:\/\/diligens.es\/#organization","name":"Diligens","url":"https:\/\/diligens.es\/","logo":{"@type":"ImageObject","inLanguage":"en-US","@id":"https:\/\/diligens.es\/#\/schema\/logo\/image\/","url":"https:\/\/diligens.es\/wp-content\/uploads\/2024\/10\/logodiligen.png","contentUrl":"https:\/\/diligens.es\/wp-content\/uploads\/2024\/10\/logodiligen.png","width":1200,"height":430,"caption":"Diligens"},"image":{"@id":"https:\/\/diligens.es\/#\/schema\/logo\/image\/"}}]}},"_links":{"self":[{"href":"https:\/\/diligens.es\/en\/wp-json\/wp\/v2\/pages\/1461","targetHints":{"allow":["GET"]}}],"collection":[{"href":"https:\/\/diligens.es\/en\/wp-json\/wp\/v2\/pages"}],"about":[{"href":"https:\/\/diligens.es\/en\/wp-json\/wp\/v2\/types\/page"}],"author":[{"embeddable":true,"href":"https:\/\/diligens.es\/en\/wp-json\/wp\/v2\/users\/1"}],"replies":[{"embeddable":true,"href":"https:\/\/diligens.es\/en\/wp-json\/wp\/v2\/comments?post=1461"}],"version-history":[{"count":8,"href":"https:\/\/diligens.es\/en\/wp-json\/wp\/v2\/pages\/1461\/revisions"}],"predecessor-version":[{"id":5070,"href":"https:\/\/diligens.es\/en\/wp-json\/wp\/v2\/pages\/1461\/revisions\/5070"}],"wp:attachment":[{"href":"https:\/\/diligens.es\/en\/wp-json\/wp\/v2\/media?parent=1461"}],"curies":[{"name":"wp","href":"https:\/\/api.w.org\/{rel}","templated":true}]}}