{"id":4864,"date":"2024-10-25T12:31:56","date_gmt":"2024-10-25T10:31:56","guid":{"rendered":"https:\/\/diligens.inconectawebs.com\/?page_id=4864"},"modified":"2026-01-28T09:20:07","modified_gmt":"2026-01-28T08:20:07","slug":"contactar","status":"publish","type":"page","link":"https:\/\/diligens.es\/en\/contactar\/","title":{"rendered":"Contact"},"content":{"rendered":"<div data-elementor-type=\"wp-page\" data-elementor-id=\"4864\" class=\"elementor elementor-4864\">\n\t\t\t\t        <section class=\"elementor-section elementor-top-section elementor-element elementor-element-13b164d3 block bg-white-before elementor-section-stretched elementor-section-full_width elementor-section-height-default elementor-section-height-default\" data-id=\"13b164d3\" data-element_type=\"section\" data-settings=\"{&quot;stretch_section&quot;:&quot;section-stretched&quot;}\">\n                    \n        <div class=\"elementor-container elementor-column-gap-no\">\n        \n                    <div class=\"elementor-row\">\n        \t\t<div class=\"elementor-column elementor-col-100 elementor-top-column elementor-element elementor-element-20eda490\" data-id=\"20eda490\" data-element_type=\"column\">\n\t\t\t<div class=\"elementor-widget-wrap elementor-element-populated\">\n\t\t\t\t        <section class=\"elementor-section elementor-inner-section elementor-element elementor-element-494102df elementor-section-boxed elementor-section-height-default elementor-section-height-default\" data-id=\"494102df\" data-element_type=\"section\">\n                    \n        <div class=\"elementor-container elementor-column-gap-no\">\n        \n                    <div class=\"elementor-row\">\n        \t\t<div class=\"elementor-column elementor-col-100 elementor-inner-column elementor-element elementor-element-8f3b4a9\" data-id=\"8f3b4a9\" data-element_type=\"column\">\n\t\t\t<div class=\"elementor-widget-wrap\">\n\t\t\t\t\t\t\t<\/div>\n\t\t<\/div>\n\t\t                    <\/div>\n                    <\/div>\n        <\/section>\n                <div class=\"elementor-section elementor-inner-section elementor-element elementor-element-63ec9fbe gutter-width-md with-pb-md wrapper elementor-section-full_width elementor-section-height-default elementor-section-height-default\" data-id=\"63ec9fbe\" data-element_type=\"section\">\n                    \n        <div class=\"elementor-container elementor-column-gap-no spacer p-top-lg\">\n        \n                    <div class=\"elementor-row\">\n        \t\t<div class=\"elementor-column elementor-col-33 elementor-inner-column elementor-element elementor-element-5719a1b4 col-sm-12 col-md-4 col-lg-4 col-xl-4\" data-id=\"5719a1b4\" data-element_type=\"column\">\n\t\t\t<div class=\"elementor-widget-wrap elementor-element-populated\">\n\t\t\t\t\t\t<div class=\"elementor-element elementor-element-60a5f271 elementor-widget elementor-widget-malex-contacts\" data-id=\"60a5f271\" data-element_type=\"widget\" data-widget_type=\"malex-contacts.default\">\n\t\t\t\t<div class=\"elementor-widget-container\">\n\t\t\t\n        <div class=\"contacts-item\">\n                    \n                            <div class=\"contacts-item-icon\">\n                    <i aria-hidden=\"true\" class=\"malex-icon-location\"><\/i>                <\/div>\n                    \n                            <h5 class=\"contacts-item-t-head\">Office<\/h5>\n                    \n                            <p class=\"contacts-item-description\">C. Bravo Murillo, 52, office 3 - floor 1, 28003 Madrid<\/p>\n                    <\/div>\n        \t\t<\/div>\n\t\t\t\t<\/div>\n\t\t\t\t\t<\/div>\n\t\t<\/div>\n\t\t\t\t<div class=\"elementor-column elementor-col-33 elementor-inner-column elementor-element elementor-element-6806d1b col-sm-12 col-md-4 col-lg-4 col-xl-4\" data-id=\"6806d1b\" data-element_type=\"column\">\n\t\t\t<div class=\"elementor-widget-wrap elementor-element-populated\">\n\t\t\t\t\t\t<div class=\"elementor-element elementor-element-5c1c203d elementor-widget elementor-widget-malex-contacts\" data-id=\"5c1c203d\" data-element_type=\"widget\" data-widget_type=\"malex-contacts.default\">\n\t\t\t\t<div class=\"elementor-widget-container\">\n\t\t\t\n        <div class=\"contacts-item\">\n                    \n                            <div class=\"contacts-item-icon\">\n                    <i aria-hidden=\"true\" class=\"malex-icon malex-icon-phone\"><\/i>                <\/div>\n                    \n                            <h5 class=\"contacts-item-t-head\">Telephone number<\/h5>\n                    \n                            <p class=\"contacts-item-description\"><a href=\"tel: 34910406198\">+34 910 406 198<\/a><\/p>\n                    <\/div>\n        \t\t<\/div>\n\t\t\t\t<\/div>\n\t\t\t\t\t<\/div>\n\t\t<\/div>\n\t\t\t\t<div class=\"elementor-column elementor-col-33 elementor-inner-column elementor-element elementor-element-615b6f44 col-sm-12 col-md-4 col-lg-4 col-xl-4\" data-id=\"615b6f44\" data-element_type=\"column\">\n\t\t\t<div class=\"elementor-widget-wrap elementor-element-populated\">\n\t\t\t\t\t\t<div class=\"elementor-element elementor-element-5ac30779 elementor-widget elementor-widget-malex-contacts\" data-id=\"5ac30779\" data-element_type=\"widget\" data-widget_type=\"malex-contacts.default\">\n\t\t\t\t<div class=\"elementor-widget-container\">\n\t\t\t\n        <div class=\"contacts-item\">\n                    \n                            <div class=\"contacts-item-icon\">\n                    <i aria-hidden=\"true\" class=\"malex-icon malex-icon-email\"><\/i>                <\/div>\n                    \n                            <h5 class=\"contacts-item-t-head\">E-mail<\/h5>\n                    \n                            <p class=\"contacts-item-description\"><a href=\"\/en\/info@diligens.es\/\">info@diligens.es<\/a><\/p>\n                    <\/div>\n        \t\t<\/div>\n\t\t\t\t<\/div>\n\t\t\t\t\t<\/div>\n\t\t<\/div>\n\t\t                    <\/div>\n                    <\/div>\n        <\/div>\n                <div class=\"elementor-section elementor-inner-section elementor-element elementor-element-4556254d width-img elementor-section-boxed elementor-section-height-default elementor-section-height-default\" data-id=\"4556254d\" data-element_type=\"section\" data-settings=\"{&quot;background_background&quot;:&quot;classic&quot;}\">\n                    \n        <div class=\"elementor-container elementor-column-gap-no\">\n        \n                    <div class=\"elementor-row\">\n        \t\t<div class=\"elementor-column elementor-col-100 elementor-inner-column elementor-element elementor-element-5ad2aade\" data-id=\"5ad2aade\" data-element_type=\"column\" id=\"contact-form\">\n\t\t\t<div class=\"elementor-widget-wrap elementor-element-populated\">\n\t\t\t\t\t\t<div class=\"elementor-element elementor-element-5f7b509 elementor-widget elementor-widget-text-editor\" data-id=\"5f7b509\" data-element_type=\"widget\" data-widget_type=\"text-editor.default\">\n\t\t\t\t<div class=\"elementor-widget-container\">\n\t\t\t<style>\/*! elementor - v3.23.0 - 15-07-2024 *\/\n.elementor-widget-text-editor.elementor-drop-cap-view-stacked .elementor-drop-cap{background-color:#69727d;color:#fff}.elementor-widget-text-editor.elementor-drop-cap-view-framed .elementor-drop-cap{color:#69727d;border:3px solid;background-color:transparent}.elementor-widget-text-editor:not(.elementor-drop-cap-view-default) .elementor-drop-cap{margin-top:8px}.elementor-widget-text-editor:not(.elementor-drop-cap-view-default) .elementor-drop-cap-letter{width:1em;height:1em}.elementor-widget-text-editor .elementor-drop-cap{float:left;text-align:center;line-height:1;font-size:50px}.elementor-widget-text-editor .elementor-drop-cap-letter{display:inline-block}<\/style>\t\t\t\t<p><strong>Contact for detailed information about our services<\/strong><\/p>\t\t\t\t\t\t<\/div>\n\t\t\t\t<\/div>\n\t\t\t\t<div class=\"elementor-element elementor-element-20214c4a spacer p-top-lg elementor-widget elementor-widget-shortcode\" data-id=\"20214c4a\" data-element_type=\"widget\" data-widget_type=\"shortcode.default\">\n\t\t\t\t<div class=\"elementor-widget-container\">\n\t\t\t\t\t<div class=\"elementor-shortcode\">\n<div class=\"wpcf7 no-js\" id=\"wpcf7-f68-o1\" lang=\"en-US\" dir=\"ltr\" data-wpcf7-id=\"68\">\n<div class=\"screen-reader-response\"><p role=\"status\" aria-live=\"polite\" aria-atomic=\"true\"><\/p> <ul><\/ul><\/div>\n<form action=\"\/wp-json\/wp\/v2\/pages\/4864\" method=\"post\" class=\"wpcf7-form init\" aria-label=\"Contact form\" novalidate=\"novalidate\" data-status=\"init\" data-trp-original-action=\"\/en\/wp-json\/wp\/v2\/pages\/4864#wpcf7-f68-o1\">\n<div style=\"display: none;\">\n<input type=\"hidden\" name=\"_wpcf7\" value=\"68\" \/>\n<input type=\"hidden\" name=\"_wpcf7_version\" value=\"6.0.1\" \/>\n<input type=\"hidden\" name=\"_wpcf7_locale\" value=\"en_US\" \/>\n<input type=\"hidden\" name=\"_wpcf7_unit_tag\" value=\"wpcf7-f68-o1\" \/>\n<input type=\"hidden\" name=\"_wpcf7_container_post\" value=\"0\" \/>\n<input type=\"hidden\" name=\"_wpcf7_posted_data_hash\" value=\"\" \/>\n<input type=\"hidden\" name=\"_wpcf7_recaptcha_response\" value=\"\" \/>\n<\/div>\n<div class=\"form-group form-group-xs\">\n    <span class=\"wpcf7-form-control-wrap\" data-name=\"cf-1-name\"><input size=\"40\" maxlength=\"400\" class=\"wpcf7-form-control wpcf7-text wpcf7-validates-as-required form-control form-control-lg bg-gray-light\" id=\"cf-1-name\" aria-required=\"true\" aria-invalid=\"false\" placeholder=\"Name\" value=\"\" type=\"text\" name=\"cf-1-name\" \/><\/span>\n<\/div>\n\n<div class=\"form-group form-group-xs\">\n    <span class=\"wpcf7-form-control-wrap\" data-name=\"cf-1-email\"><input size=\"40\" maxlength=\"400\" class=\"wpcf7-form-control wpcf7-email wpcf7-validates-as-required wpcf7-text wpcf7-validates-as-email form-control form-control-lg bg-gray-light\" id=\"cf-1-email\" aria-required=\"true\" aria-invalid=\"false\" placeholder=\"E-mail\" value=\"\" type=\"email\" name=\"cf-1-email\" \/><\/span>\n<\/div>\n\n<div class=\"form-group form-group-xs\">\n    <span class=\"wpcf7-form-control-wrap\" data-name=\"cf-1-message\"><textarea cols=\"3\" rows=\"3\" maxlength=\"2000\" class=\"wpcf7-form-control wpcf7-textarea wpcf7-validates-as-required form-control form-control-lg bg-gray-light\" id=\"cf-1-message\" aria-required=\"true\" aria-invalid=\"false\" placeholder=\"How can we help?\" name=\"cf-1-message\"><\/textarea><\/span>\n<\/div>\n<div class=\"form-group form-group-xs mb-0\" style=\"margin-bottom: 52px !important;margin-top: 48px !important;\">\n<span class=\"wpcf7-form-control-wrap\" data-name=\"acceptance-620\"><span class=\"wpcf7-form-control wpcf7-acceptance\"><span class=\"wpcf7-list-item\"><label><input type=\"checkbox\" name=\"acceptance-620\" value=\"1\" aria-invalid=\"false\" \/><span class=\"wpcf7-list-item-label\">I have read and accept the <a href=\"https:\/\/diligens.es\/en\/politica-privacidad-proteccion-datos\/\" target=\"_blank\">Privacy Policy<\/a>The data entered in this form will be used for the purpose of responding to the query submitted.<\/span><\/label><\/span><\/span><\/span>\n<\/div>\n<div class=\"form-group form-group-xs mb-0\">\n    <button id=\"cf-1-submit\" class=\"wpcf7-form-control has-spinner wpcf7-submit btn btn-outline-secondary\">Send<\/button>\n<\/div><div class=\"wpcf7-response-output\" aria-hidden=\"true\"><\/div>\n<input type=\"hidden\" name=\"trp-form-language\" value=\"en\"\/><\/form>\n<\/div>\n<\/div>\n\t\t\t\t<\/div>\n\t\t\t\t<\/div>\n\t\t\t\t\t<\/div>\n\t\t<\/div>\n\t\t                    <\/div>\n                    <\/div>\n        <\/div>\n        \t\t<div class=\"elementor-element elementor-element-77c7a56 elementor-widget elementor-widget-google_maps\" data-id=\"77c7a56\" data-element_type=\"widget\" data-widget_type=\"google_maps.default\">\n\t\t\t\t<div class=\"elementor-widget-container\">\n\t\t\t<style>\/*! elementor - v3.23.0 - 15-07-2024 *\/\n.elementor-widget-google_maps .elementor-widget-container{overflow:hidden}.elementor-widget-google_maps .elementor-custom-embed{line-height:0}.elementor-widget-google_maps iframe{height:300px}<\/style>\t\t<div class=\"elementor-custom-embed\">\n\t\t\t<iframe loading=\"lazy\"\n\t\t\t\t\tsrc=\"https:\/\/maps.google.com\/maps?q=C.%20de%20Bravo%20Murillo%2C%2052%2C%20LOCAL%203%2C%20Chamber%C3%AD%2C%2028003%20Madrid&#038;t=m&#038;z=16&#038;output=embed&#038;iwloc=near\"\n\t\t\t\t\ttitle=\"C. de Bravo Murillo, 52, LOCAL 3, Chamber\u00ed, 28003 Madrid\"\n\t\t\t\t\taria-label=\"C. de Bravo Murillo, 52, LOCAL 3, Chamber\u00ed, 28003 Madrid\"\n\t\t\t><\/iframe>\n\t\t<\/div>\n\t\t\t\t<\/div>\n\t\t\t\t<\/div>\n\t\t\t\t\t<\/div>\n\t\t<\/div>\n\t\t                    <\/div>\n                    <\/div>\n        <\/section>\n        <div class=\"elementor-element elementor-element-5629229 e-flex e-con-boxed e-con e-parent\" data-id=\"5629229\" data-element_type=\"container\">\n\t\t\t\t\t<div class=\"e-con-inner\">\n\t\t\t\t\t<\/div>\n\t\t\t\t<\/div>\n\t\t\t\t<\/div>","protected":false},"excerpt":{"rendered":"<p>Oficinas C. Bravo Murillo, 52, oficina 3 &#8211; planta 1, 28003 Madrid Tel\u00e9fono +34 910 406 198 E-mail info@diligens.es Contacta con nostros para ofrecerte m\u00e1s informaci\u00f3n sobre nuestros servicios.<\/p>","protected":false},"author":1,"featured_media":0,"parent":0,"menu_order":0,"comment_status":"closed","ping_status":"closed","template":"","meta":{"footnotes":""},"class_list":["post-4864","page","type-page","status-publish","hentry"],"acf":[],"yoast_head":"<!-- This site is optimized with the Yoast SEO plugin v23.9 - https:\/\/yoast.com\/wordpress\/plugins\/seo\/ -->\n<title>Contactar - Diligens<\/title>\n<meta name=\"description\" content=\"Ponte en contacto con los expertos en asesoramiento fiscal para empresas y particulares de Diligens Tax Consulting.\" \/>\n<meta name=\"robots\" content=\"index, follow, max-snippet:-1, max-image-preview:large, max-video-preview:-1\" \/>\n<link rel=\"canonical\" href=\"https:\/\/diligens.es\/en\/contactar\/\" \/>\n<meta property=\"og:locale\" content=\"en_US\" \/>\n<meta property=\"og:type\" content=\"article\" \/>\n<meta property=\"og:title\" content=\"Contactar - Diligens\" \/>\n<meta property=\"og:description\" content=\"Ponte en contacto con los expertos en asesoramiento fiscal para empresas y particulares de Diligens Tax Consulting.\" \/>\n<meta property=\"og:url\" content=\"https:\/\/diligens.es\/en\/contactar\/\" \/>\n<meta property=\"og:site_name\" content=\"Diligens\" \/>\n<meta property=\"article:modified_time\" content=\"2026-01-28T08:20:07+00:00\" \/>\n<meta name=\"twitter:card\" content=\"summary_large_image\" \/>\n<meta name=\"twitter:label1\" content=\"Est. reading time\" \/>\n\t<meta name=\"twitter:data1\" content=\"1 minute\" \/>\n<script type=\"application\/ld+json\" class=\"yoast-schema-graph\">{\"@context\":\"https:\/\/schema.org\",\"@graph\":[{\"@type\":\"WebPage\",\"@id\":\"https:\/\/diligens.es\/contactar\/\",\"url\":\"https:\/\/diligens.es\/contactar\/\",\"name\":\"Contactar - Diligens\",\"isPartOf\":{\"@id\":\"https:\/\/diligens.es\/#website\"},\"datePublished\":\"2024-10-25T10:31:56+00:00\",\"dateModified\":\"2026-01-28T08:20:07+00:00\",\"description\":\"Ponte en contacto con los expertos en asesoramiento fiscal para empresas y particulares de Diligens Tax Consulting.\",\"breadcrumb\":{\"@id\":\"https:\/\/diligens.es\/contactar\/#breadcrumb\"},\"inLanguage\":\"en-US\",\"potentialAction\":[{\"@type\":\"ReadAction\",\"target\":[\"https:\/\/diligens.es\/contactar\/\"]}]},{\"@type\":\"BreadcrumbList\",\"@id\":\"https:\/\/diligens.es\/contactar\/#breadcrumb\",\"itemListElement\":[{\"@type\":\"ListItem\",\"position\":1,\"name\":\"Portada\",\"item\":\"https:\/\/diligens.es\/\"},{\"@type\":\"ListItem\",\"position\":2,\"name\":\"Contactar\"}]},{\"@type\":\"WebSite\",\"@id\":\"https:\/\/diligens.es\/#website\",\"url\":\"https:\/\/diligens.es\/\",\"name\":\"Diligens\",\"description\":\"\",\"publisher\":{\"@id\":\"https:\/\/diligens.es\/#organization\"},\"potentialAction\":[{\"@type\":\"SearchAction\",\"target\":{\"@type\":\"EntryPoint\",\"urlTemplate\":\"https:\/\/diligens.es\/?s={search_term_string}\"},\"query-input\":{\"@type\":\"PropertyValueSpecification\",\"valueRequired\":true,\"valueName\":\"search_term_string\"}}],\"inLanguage\":\"en-US\"},{\"@type\":\"Organization\",\"@id\":\"https:\/\/diligens.es\/#organization\",\"name\":\"Diligens\",\"url\":\"https:\/\/diligens.es\/\",\"logo\":{\"@type\":\"ImageObject\",\"inLanguage\":\"en-US\",\"@id\":\"https:\/\/diligens.es\/#\/schema\/logo\/image\/\",\"url\":\"https:\/\/diligens.es\/wp-content\/uploads\/2024\/10\/logodiligen.png\",\"contentUrl\":\"https:\/\/diligens.es\/wp-content\/uploads\/2024\/10\/logodiligen.png\",\"width\":1200,\"height\":430,\"caption\":\"Diligens\"},\"image\":{\"@id\":\"https:\/\/diligens.es\/#\/schema\/logo\/image\/\"}}]}<\/script>\n<!-- \/ Yoast SEO plugin. -->","yoast_head_json":{"title":"Contactar - Diligens","description":"Ponte en contacto con los expertos en asesoramiento fiscal para empresas y particulares de Diligens Tax Consulting.","robots":{"index":"index","follow":"follow","max-snippet":"max-snippet:-1","max-image-preview":"max-image-preview:large","max-video-preview":"max-video-preview:-1"},"canonical":"https:\/\/diligens.es\/en\/contactar\/","og_locale":"en_US","og_type":"article","og_title":"Contactar - Diligens","og_description":"Ponte en contacto con los expertos en asesoramiento fiscal para empresas y particulares de Diligens Tax Consulting.","og_url":"https:\/\/diligens.es\/en\/contactar\/","og_site_name":"Diligens","article_modified_time":"2026-01-28T08:20:07+00:00","twitter_card":"summary_large_image","twitter_misc":{"Est. reading time":"1 minute"},"schema":{"@context":"https:\/\/schema.org","@graph":[{"@type":"WebPage","@id":"https:\/\/diligens.es\/contactar\/","url":"https:\/\/diligens.es\/contactar\/","name":"Contactar - Diligens","isPartOf":{"@id":"https:\/\/diligens.es\/#website"},"datePublished":"2024-10-25T10:31:56+00:00","dateModified":"2026-01-28T08:20:07+00:00","description":"Ponte en contacto con los expertos en asesoramiento fiscal para empresas y particulares de Diligens Tax Consulting.","breadcrumb":{"@id":"https:\/\/diligens.es\/contactar\/#breadcrumb"},"inLanguage":"en-US","potentialAction":[{"@type":"ReadAction","target":["https:\/\/diligens.es\/contactar\/"]}]},{"@type":"BreadcrumbList","@id":"https:\/\/diligens.es\/contactar\/#breadcrumb","itemListElement":[{"@type":"ListItem","position":1,"name":"Portada","item":"https:\/\/diligens.es\/"},{"@type":"ListItem","position":2,"name":"Contactar"}]},{"@type":"WebSite","@id":"https:\/\/diligens.es\/#website","url":"https:\/\/diligens.es\/","name":"Diligens","description":"","publisher":{"@id":"https:\/\/diligens.es\/#organization"},"potentialAction":[{"@type":"SearchAction","target":{"@type":"EntryPoint","urlTemplate":"https:\/\/diligens.es\/?s={search_term_string}"},"query-input":{"@type":"PropertyValueSpecification","valueRequired":true,"valueName":"search_term_string"}}],"inLanguage":"en-US"},{"@type":"Organization","@id":"https:\/\/diligens.es\/#organization","name":"Diligens","url":"https:\/\/diligens.es\/","logo":{"@type":"ImageObject","inLanguage":"en-US","@id":"https:\/\/diligens.es\/#\/schema\/logo\/image\/","url":"https:\/\/diligens.es\/wp-content\/uploads\/2024\/10\/logodiligen.png","contentUrl":"https:\/\/diligens.es\/wp-content\/uploads\/2024\/10\/logodiligen.png","width":1200,"height":430,"caption":"Diligens"},"image":{"@id":"https:\/\/diligens.es\/#\/schema\/logo\/image\/"}}]}},"_links":{"self":[{"href":"https:\/\/diligens.es\/en\/wp-json\/wp\/v2\/pages\/4864","targetHints":{"allow":["GET"]}}],"collection":[{"href":"https:\/\/diligens.es\/en\/wp-json\/wp\/v2\/pages"}],"about":[{"href":"https:\/\/diligens.es\/en\/wp-json\/wp\/v2\/types\/page"}],"author":[{"embeddable":true,"href":"https:\/\/diligens.es\/en\/wp-json\/wp\/v2\/users\/1"}],"replies":[{"embeddable":true,"href":"https:\/\/diligens.es\/en\/wp-json\/wp\/v2\/comments?post=4864"}],"version-history":[{"count":52,"href":"https:\/\/diligens.es\/en\/wp-json\/wp\/v2\/pages\/4864\/revisions"}],"predecessor-version":[{"id":5115,"href":"https:\/\/diligens.es\/en\/wp-json\/wp\/v2\/pages\/4864\/revisions\/5115"}],"wp:attachment":[{"href":"https:\/\/diligens.es\/en\/wp-json\/wp\/v2\/media?parent=4864"}],"curies":[{"name":"wp","href":"https:\/\/api.w.org\/{rel}","templated":true}]}}