{"id":502,"date":"2021-01-05T16:48:42","date_gmt":"2021-01-05T16:48:42","guid":{"rendered":"https:\/\/store.adveits.com\/project\/malex\/wp\/demo\/?page_id=502"},"modified":"2024-12-02T15:28:38","modified_gmt":"2024-12-02T14:28:38","slug":"aduanas-iiee","status":"publish","type":"page","link":"https:\/\/diligens.es\/en\/aduanas-iiee\/","title":{"rendered":"Customs and Excise Duties"},"content":{"rendered":"<div data-elementor-type=\"wp-page\" data-elementor-id=\"502\" class=\"elementor elementor-502\">\n\t\t\t\t<div class=\"elementor-element elementor-element-3e851d96 page-title-ml content-top-spacing e-flex e-con-boxed e-con e-parent\" data-id=\"3e851d96\" data-element_type=\"container\" id=\"page-title\">\n\t\t\t\t\t<div class=\"e-con-inner\">\n\t\t\t\t<div class=\"elementor-element elementor-element-5c81b592 elementor-widget elementor-widget-image\" data-id=\"5c81b592\" data-element_type=\"widget\" data-widget_type=\"image.default\">\n\t\t\t\t<div class=\"elementor-widget-container\">\n\t\t\t<style>\/*! elementor - v3.23.0 - 15-07-2024 *\/\n.elementor-widget-image{text-align:center}.elementor-widget-image a{display:inline-block}.elementor-widget-image a img[src$=\".svg\"]{width:48px}.elementor-widget-image img{vertical-align:middle;display:inline-block}<\/style>\t\t\t\t\t\t\t\t\t\t<img fetchpriority=\"high\" decoding=\"async\" width=\"1444\" height=\"1100\" src=\"https:\/\/diligens.es\/wp-content\/uploads\/2024\/07\/aduanas-iiee.png\" class=\"attachment-1536x1536 size-1536x1536 wp-image-914\" alt=\"\" srcset=\"https:\/\/diligens.es\/wp-content\/uploads\/2024\/07\/aduanas-iiee.png 1444w, https:\/\/diligens.es\/wp-content\/uploads\/2024\/07\/aduanas-iiee-300x229.png 300w, https:\/\/diligens.es\/wp-content\/uploads\/2024\/07\/aduanas-iiee-1024x780.png 1024w, https:\/\/diligens.es\/wp-content\/uploads\/2024\/07\/aduanas-iiee-768x585.png 768w, https:\/\/diligens.es\/wp-content\/uploads\/2024\/07\/aduanas-iiee-118x90.png 118w\" sizes=\"(max-width: 1444px) 100vw, 1444px\" \/>\t\t\t\t\t\t\t\t\t\t\t\t\t<\/div>\n\t\t\t\t<\/div>\n\t\t<div class=\"elementor-element elementor-element-24ba7757 e-con-full e-flex e-con e-child\" data-id=\"24ba7757\" data-element_type=\"container\">\n\t\t\t\t<div class=\"elementor-element elementor-element-3be29e41 elementor-widget elementor-widget-heading\" data-id=\"3be29e41\" data-element_type=\"widget\" data-widget_type=\"heading.default\">\n\t\t\t\t<div class=\"elementor-widget-container\">\n\t\t\t<style>\/*! elementor - v3.23.0 - 15-07-2024 *\/\n.elementor-heading-title{padding:0;margin:0;line-height:1}.elementor-widget-heading .elementor-heading-title[class*=elementor-size-]>a{color:inherit;font-size:inherit;line-height:inherit}.elementor-widget-heading .elementor-heading-title.elementor-size-small{font-size:15px}.elementor-widget-heading .elementor-heading-title.elementor-size-medium{font-size:19px}.elementor-widget-heading .elementor-heading-title.elementor-size-large{font-size:29px}.elementor-widget-heading .elementor-heading-title.elementor-size-xl{font-size:39px}.elementor-widget-heading .elementor-heading-title.elementor-size-xxl{font-size:59px}<\/style><div class=\"title\"><h1 class=\"large\">Customs and Excise Duties<\/h1><\/div>\t\t<\/div>\n\t\t\t\t<\/div>\n\t\t\t\t<div class=\"elementor-element elementor-element-4f71817e elementor-widget elementor-widget-heading\" data-id=\"4f71817e\" data-element_type=\"widget\" data-widget_type=\"heading.default\">\n\t\t\t\t<div class=\"elementor-widget-container\">\n\t\t\t<div class=\"title\"><div class=\"title-opacity\"><div class=\"title-opacity-text\">ADUANAS e IIEE<\/div><\/div><\/div>\t\t<\/div>\n\t\t\t\t<\/div>\n\t\t\t\t<div class=\"elementor-element elementor-element-4c37adfd description spacer p-top-lg elementor-widget elementor-widget-text-editor\" data-id=\"4c37adfd\" data-element_type=\"widget\" data-widget_type=\"text-editor.default\">\n\t\t\t\t<div class=\"elementor-widget-container\">\n\t\t\t<style>\/*! elementor - v3.23.0 - 15-07-2024 *\/\n.elementor-widget-text-editor.elementor-drop-cap-view-stacked .elementor-drop-cap{background-color:#69727d;color:#fff}.elementor-widget-text-editor.elementor-drop-cap-view-framed .elementor-drop-cap{color:#69727d;border:3px solid;background-color:transparent}.elementor-widget-text-editor:not(.elementor-drop-cap-view-default) .elementor-drop-cap{margin-top:8px}.elementor-widget-text-editor:not(.elementor-drop-cap-view-default) .elementor-drop-cap-letter{width:1em;height:1em}.elementor-widget-text-editor .elementor-drop-cap{float:left;text-align:center;line-height:1;font-size:50px}.elementor-widget-text-editor .elementor-drop-cap-letter{display:inline-block}<\/style>\t\t\t\t<p>International trading of goods that involves territories outside the European Union has tax implications related to the accrual of customs duties. Likewise, these transactions entail the accrual of excise duties when involve goods that, by their nature, are levied by such taxes, as well as VAT.<\/p><p>For all entities regularly carrying out international trading of goods, the payment of import VAT, customs duties and excise duties and their subsequent recovery may involve a significant additional cost. With the intention of avoiding or reducing the financial cost linked to the international trading, it is of vital importance to carry out a proper planning of customs taxation.<\/p>\t\t\t\t\t\t<\/div>\n\t\t\t\t<\/div>\n\t\t\t\t<\/div>\n\t\t\t\t\t<\/div>\n\t\t\t\t<\/div>\n\t\t<div class=\"elementor-element elementor-element-4dff6db8 e-flex e-con-boxed e-con e-parent\" data-id=\"4dff6db8\" data-element_type=\"container\">\n\t\t\t\t\t<div class=\"e-con-inner\">\n\t\t<div class=\"elementor-element elementor-element-12073920 e-con-full e-flex e-con e-child\" data-id=\"12073920\" data-element_type=\"container\">\n\t\t\t\t<div class=\"elementor-element elementor-element-4ceea9bd elementor-widget elementor-widget-text-editor\" data-id=\"4ceea9bd\" data-element_type=\"widget\" data-widget_type=\"text-editor.default\">\n\t\t\t\t<div class=\"elementor-widget-container\">\n\t\t\t\t\t\t\tDILIGENS, aware of the tax implications and savings related to these transactions, assists its clients in the planning and analysis of the customs and other tax implications of international trading, providing services within the scope of:\n<br><br>\n<ul>\n \t<li>Customs planning and application and implementation of customs suspension arrangements (bonded and fiscal warehouses, inward or outward processing relief, temporary import, etc).<\/li>\n \t<li>Review of the tariff classification (combined nomenclature) of the goods.<\/li>\n \t<li>Analysis of the proceeding for the application of the status as Economic Authorized Operator.\nSupply chain and customs value.<\/li>\n \t<li>Supply chain and customs value.<\/li>\n \t<li>Assistance with customs and excise duties audits.<\/li>\n \t<li>Application for the Electricity Tax Code for taxpayers of electricity tax.<\/li>\n \t<li>Tax advisory services for transactions involving goods subject to excise duties.<\/li>\n \t<li>Assistance with excise duty over non-reusable plastic containers (plastic tax). Application for Plastic Tax Code and representation.<\/li>\n<\/ul>\t\t\t\t\t\t<\/div>\n\t\t\t\t<\/div>\n\t\t\t\t<\/div>\n\t\t\t\t\t<\/div>\n\t\t\t\t<\/div>\n\t\t        <div class=\"elementor-section elementor-inner-section elementor-element elementor-element-1fb6f9b1 width-img elementor-section-boxed elementor-section-height-default elementor-section-height-default\" data-id=\"1fb6f9b1\" data-element_type=\"section\" data-settings=\"{&quot;background_background&quot;:&quot;classic&quot;}\">\n                    \n        <div class=\"elementor-container elementor-column-gap-no spacer p-top-xl p-bottom-xl\">\n        \n                    <div class=\"elementor-row\">\n        \t\t<div class=\"elementor-column elementor-col-100 elementor-inner-column elementor-element elementor-element-104a2545\" data-id=\"104a2545\" data-element_type=\"column\" id=\"contact-form\">\n\t\t\t<div class=\"elementor-widget-wrap elementor-element-populated\">\n\t\t\t\t\t\t<div class=\"elementor-element elementor-element-2fa08cf8 elementor-widget elementor-widget-heading\" data-id=\"2fa08cf8\" data-element_type=\"widget\" data-widget_type=\"heading.default\">\n\t\t\t\t<div class=\"elementor-widget-container\">\n\t\t\t<div class=\"title\"><h3 class=\"pb-0\">Contact us<\/h3><\/div>\t\t<\/div>\n\t\t\t\t<\/div>\n\t\t\t\t<div class=\"elementor-element elementor-element-22ce5993 description-lg spacer p-top-lg elementor-widget elementor-widget-text-editor\" data-id=\"22ce5993\" data-element_type=\"widget\" data-widget_type=\"text-editor.default\">\n\t\t\t\t<div class=\"elementor-widget-container\">\n\t\t\t\t\t\t\t<p>Contact us for detailed information about our services.<\/p>\t\t\t\t\t\t<\/div>\n\t\t\t\t<\/div>\n\t\t\t\t<div class=\"elementor-element elementor-element-64702cc1 spacer p-top-lg elementor-widget elementor-widget-shortcode\" data-id=\"64702cc1\" data-element_type=\"widget\" data-widget_type=\"shortcode.default\">\n\t\t\t\t<div class=\"elementor-widget-container\">\n\t\t\t\t\t<div class=\"elementor-shortcode\">\n<div class=\"wpcf7 no-js\" id=\"wpcf7-f68-o1\" lang=\"en-US\" dir=\"ltr\" data-wpcf7-id=\"68\">\n<div class=\"screen-reader-response\"><p role=\"status\" aria-live=\"polite\" aria-atomic=\"true\"><\/p> <ul><\/ul><\/div>\n<form action=\"\/wp-json\/wp\/v2\/pages\/502\" method=\"post\" class=\"wpcf7-form init\" aria-label=\"Contact form\" novalidate=\"novalidate\" data-status=\"init\" data-trp-original-action=\"\/en\/wp-json\/wp\/v2\/pages\/502#wpcf7-f68-o1\">\n<div style=\"display: none;\">\n<input type=\"hidden\" name=\"_wpcf7\" value=\"68\" \/>\n<input type=\"hidden\" name=\"_wpcf7_version\" value=\"6.0.1\" \/>\n<input type=\"hidden\" name=\"_wpcf7_locale\" value=\"en_US\" \/>\n<input type=\"hidden\" name=\"_wpcf7_unit_tag\" value=\"wpcf7-f68-o1\" \/>\n<input type=\"hidden\" name=\"_wpcf7_container_post\" value=\"0\" \/>\n<input type=\"hidden\" name=\"_wpcf7_posted_data_hash\" value=\"\" \/>\n<input type=\"hidden\" name=\"_wpcf7_recaptcha_response\" value=\"\" \/>\n<\/div>\n<div class=\"form-group form-group-xs\">\n    <span class=\"wpcf7-form-control-wrap\" data-name=\"cf-1-name\"><input size=\"40\" maxlength=\"400\" class=\"wpcf7-form-control wpcf7-text wpcf7-validates-as-required form-control form-control-lg bg-gray-light\" id=\"cf-1-name\" aria-required=\"true\" aria-invalid=\"false\" placeholder=\"Name\" value=\"\" type=\"text\" name=\"cf-1-name\" \/><\/span>\n<\/div>\n\n<div class=\"form-group form-group-xs\">\n    <span class=\"wpcf7-form-control-wrap\" data-name=\"cf-1-email\"><input size=\"40\" maxlength=\"400\" class=\"wpcf7-form-control wpcf7-email wpcf7-validates-as-required wpcf7-text wpcf7-validates-as-email form-control form-control-lg bg-gray-light\" id=\"cf-1-email\" aria-required=\"true\" aria-invalid=\"false\" placeholder=\"E-mail\" value=\"\" type=\"email\" name=\"cf-1-email\" \/><\/span>\n<\/div>\n\n<div class=\"form-group form-group-xs\">\n    <span class=\"wpcf7-form-control-wrap\" data-name=\"cf-1-message\"><textarea cols=\"3\" rows=\"3\" maxlength=\"2000\" class=\"wpcf7-form-control wpcf7-textarea wpcf7-validates-as-required form-control form-control-lg bg-gray-light\" id=\"cf-1-message\" aria-required=\"true\" aria-invalid=\"false\" placeholder=\"How can we help?\" name=\"cf-1-message\"><\/textarea><\/span>\n<\/div>\n<div class=\"form-group form-group-xs mb-0\" style=\"margin-bottom: 52px !important;margin-top: 48px !important;\">\n<span class=\"wpcf7-form-control-wrap\" data-name=\"acceptance-620\"><span class=\"wpcf7-form-control wpcf7-acceptance\"><span class=\"wpcf7-list-item\"><label><input type=\"checkbox\" name=\"acceptance-620\" value=\"1\" aria-invalid=\"false\" \/><span class=\"wpcf7-list-item-label\">I have read and accept the <a href=\"https:\/\/diligens.es\/en\/politica-privacidad-proteccion-datos\/\" target=\"_blank\">Privacy Policy<\/a>The data entered in this form will be used for the purpose of responding to the query submitted.<\/span><\/label><\/span><\/span><\/span>\n<\/div>\n<div class=\"form-group form-group-xs mb-0\">\n    <button id=\"cf-1-submit\" class=\"wpcf7-form-control has-spinner wpcf7-submit btn btn-outline-secondary\">Send<\/button>\n<\/div><div class=\"wpcf7-response-output\" aria-hidden=\"true\"><\/div>\n<input type=\"hidden\" name=\"trp-form-language\" value=\"en\"\/><\/form>\n<\/div>\n<\/div>\n\t\t\t\t<\/div>\n\t\t\t\t<\/div>\n\t\t\t\t\t<\/div>\n\t\t<\/div>\n\t\t                    <\/div>\n                    <\/div>\n        <\/div>\n        \t\t<\/div>","protected":false},"excerpt":{"rendered":"<p>ADUANAS E IIEE ADUANAS e IIEE El comercio internacional de mercanc\u00edas que involucra territorios no pertenecientes a la Uni\u00f3n Europea tiene implicaciones fiscales en cuanto al devengo de derechos arancelarios. Igualmente, estas operaciones conllevan el devengo de impuestos especiales cuando se trata de bienes que, por su naturaleza, est\u00e1n gravados por dichos impuestos, as\u00ed como [&hellip;]<\/p>","protected":false},"author":1,"featured_media":0,"parent":0,"menu_order":0,"comment_status":"closed","ping_status":"closed","template":"template\/page-no-title-and-content-full-width.php","meta":{"footnotes":""},"class_list":["post-502","page","type-page","status-publish","hentry"],"acf":[],"yoast_head":"<!-- This site is optimized with the Yoast SEO plugin v23.9 - https:\/\/yoast.com\/wordpress\/plugins\/seo\/ -->\n<title>ADUANAS E IIEE - Diligens<\/title>\n<meta name=\"description\" content=\"En Diligens ofrecemos los servicios m\u00e1s profesionales de consultor\u00eda de Impuestos Especiales, Aduanas, impuestos a la importaci\u00f3n y aranceles\" \/>\n<meta name=\"robots\" content=\"index, follow, max-snippet:-1, max-image-preview:large, max-video-preview:-1\" \/>\n<link rel=\"canonical\" href=\"https:\/\/diligens.es\/en\/aduanas-iiee\/\" \/>\n<meta property=\"og:locale\" content=\"en_US\" \/>\n<meta property=\"og:type\" content=\"article\" \/>\n<meta property=\"og:title\" content=\"ADUANAS E IIEE - Diligens\" \/>\n<meta property=\"og:description\" content=\"En Diligens ofrecemos los servicios m\u00e1s profesionales de consultor\u00eda de Impuestos Especiales, Aduanas, impuestos a la importaci\u00f3n y aranceles\" \/>\n<meta property=\"og:url\" content=\"https:\/\/diligens.es\/en\/aduanas-iiee\/\" \/>\n<meta property=\"og:site_name\" content=\"Diligens\" \/>\n<meta property=\"article:modified_time\" content=\"2024-12-02T14:28:38+00:00\" \/>\n<meta property=\"og:image\" content=\"https:\/\/diligens.es\/wp-content\/uploads\/2024\/07\/aduanas-iiee.png\" \/>\n<meta name=\"twitter:card\" content=\"summary_large_image\" \/>\n<meta name=\"twitter:label1\" content=\"Est. reading time\" \/>\n\t<meta name=\"twitter:data1\" content=\"2 minutes\" \/>\n<script type=\"application\/ld+json\" class=\"yoast-schema-graph\">{\"@context\":\"https:\/\/schema.org\",\"@graph\":[{\"@type\":\"WebPage\",\"@id\":\"https:\/\/diligens.es\/aduanas-iiee\/\",\"url\":\"https:\/\/diligens.es\/aduanas-iiee\/\",\"name\":\"ADUANAS E IIEE - Diligens\",\"isPartOf\":{\"@id\":\"https:\/\/diligens.es\/#website\"},\"primaryImageOfPage\":{\"@id\":\"https:\/\/diligens.es\/aduanas-iiee\/#primaryimage\"},\"image\":{\"@id\":\"https:\/\/diligens.es\/aduanas-iiee\/#primaryimage\"},\"thumbnailUrl\":\"https:\/\/diligens.es\/wp-content\/uploads\/2024\/07\/aduanas-iiee.png\",\"datePublished\":\"2021-01-05T16:48:42+00:00\",\"dateModified\":\"2024-12-02T14:28:38+00:00\",\"description\":\"En Diligens ofrecemos los servicios m\u00e1s profesionales de consultor\u00eda de Impuestos Especiales, Aduanas, impuestos a la importaci\u00f3n y aranceles\",\"breadcrumb\":{\"@id\":\"https:\/\/diligens.es\/aduanas-iiee\/#breadcrumb\"},\"inLanguage\":\"en-US\",\"potentialAction\":[{\"@type\":\"ReadAction\",\"target\":[\"https:\/\/diligens.es\/aduanas-iiee\/\"]}]},{\"@type\":\"ImageObject\",\"inLanguage\":\"en-US\",\"@id\":\"https:\/\/diligens.es\/aduanas-iiee\/#primaryimage\",\"url\":\"https:\/\/diligens.es\/wp-content\/uploads\/2024\/07\/aduanas-iiee.png\",\"contentUrl\":\"https:\/\/diligens.es\/wp-content\/uploads\/2024\/07\/aduanas-iiee.png\"},{\"@type\":\"BreadcrumbList\",\"@id\":\"https:\/\/diligens.es\/aduanas-iiee\/#breadcrumb\",\"itemListElement\":[{\"@type\":\"ListItem\",\"position\":1,\"name\":\"Portada\",\"item\":\"https:\/\/diligens.es\/\"},{\"@type\":\"ListItem\",\"position\":2,\"name\":\"ADUANAS E IIEE\"}]},{\"@type\":\"WebSite\",\"@id\":\"https:\/\/diligens.es\/#website\",\"url\":\"https:\/\/diligens.es\/\",\"name\":\"Diligens\",\"description\":\"\",\"publisher\":{\"@id\":\"https:\/\/diligens.es\/#organization\"},\"potentialAction\":[{\"@type\":\"SearchAction\",\"target\":{\"@type\":\"EntryPoint\",\"urlTemplate\":\"https:\/\/diligens.es\/?s={search_term_string}\"},\"query-input\":{\"@type\":\"PropertyValueSpecification\",\"valueRequired\":true,\"valueName\":\"search_term_string\"}}],\"inLanguage\":\"en-US\"},{\"@type\":\"Organization\",\"@id\":\"https:\/\/diligens.es\/#organization\",\"name\":\"Diligens\",\"url\":\"https:\/\/diligens.es\/\",\"logo\":{\"@type\":\"ImageObject\",\"inLanguage\":\"en-US\",\"@id\":\"https:\/\/diligens.es\/#\/schema\/logo\/image\/\",\"url\":\"https:\/\/diligens.es\/wp-content\/uploads\/2024\/10\/logodiligen.png\",\"contentUrl\":\"https:\/\/diligens.es\/wp-content\/uploads\/2024\/10\/logodiligen.png\",\"width\":1200,\"height\":430,\"caption\":\"Diligens\"},\"image\":{\"@id\":\"https:\/\/diligens.es\/#\/schema\/logo\/image\/\"}}]}<\/script>\n<!-- \/ Yoast SEO plugin. -->","yoast_head_json":{"title":"ADUANAS E IIEE - Diligens","description":"En Diligens ofrecemos los servicios m\u00e1s profesionales de consultor\u00eda de Impuestos Especiales, Aduanas, impuestos a la importaci\u00f3n y aranceles","robots":{"index":"index","follow":"follow","max-snippet":"max-snippet:-1","max-image-preview":"max-image-preview:large","max-video-preview":"max-video-preview:-1"},"canonical":"https:\/\/diligens.es\/en\/aduanas-iiee\/","og_locale":"en_US","og_type":"article","og_title":"ADUANAS E IIEE - Diligens","og_description":"En Diligens ofrecemos los servicios m\u00e1s profesionales de consultor\u00eda de Impuestos Especiales, Aduanas, impuestos a la importaci\u00f3n y aranceles","og_url":"https:\/\/diligens.es\/en\/aduanas-iiee\/","og_site_name":"Diligens","article_modified_time":"2024-12-02T14:28:38+00:00","og_image":[{"url":"https:\/\/diligens.es\/wp-content\/uploads\/2024\/07\/aduanas-iiee.png"}],"twitter_card":"summary_large_image","twitter_misc":{"Est. reading time":"2 minutes"},"schema":{"@context":"https:\/\/schema.org","@graph":[{"@type":"WebPage","@id":"https:\/\/diligens.es\/aduanas-iiee\/","url":"https:\/\/diligens.es\/aduanas-iiee\/","name":"ADUANAS E IIEE - Diligens","isPartOf":{"@id":"https:\/\/diligens.es\/#website"},"primaryImageOfPage":{"@id":"https:\/\/diligens.es\/aduanas-iiee\/#primaryimage"},"image":{"@id":"https:\/\/diligens.es\/aduanas-iiee\/#primaryimage"},"thumbnailUrl":"https:\/\/diligens.es\/wp-content\/uploads\/2024\/07\/aduanas-iiee.png","datePublished":"2021-01-05T16:48:42+00:00","dateModified":"2024-12-02T14:28:38+00:00","description":"En Diligens ofrecemos los servicios m\u00e1s profesionales de consultor\u00eda de Impuestos Especiales, Aduanas, impuestos a la importaci\u00f3n y aranceles","breadcrumb":{"@id":"https:\/\/diligens.es\/aduanas-iiee\/#breadcrumb"},"inLanguage":"en-US","potentialAction":[{"@type":"ReadAction","target":["https:\/\/diligens.es\/aduanas-iiee\/"]}]},{"@type":"ImageObject","inLanguage":"en-US","@id":"https:\/\/diligens.es\/aduanas-iiee\/#primaryimage","url":"https:\/\/diligens.es\/wp-content\/uploads\/2024\/07\/aduanas-iiee.png","contentUrl":"https:\/\/diligens.es\/wp-content\/uploads\/2024\/07\/aduanas-iiee.png"},{"@type":"BreadcrumbList","@id":"https:\/\/diligens.es\/aduanas-iiee\/#breadcrumb","itemListElement":[{"@type":"ListItem","position":1,"name":"Portada","item":"https:\/\/diligens.es\/"},{"@type":"ListItem","position":2,"name":"ADUANAS E IIEE"}]},{"@type":"WebSite","@id":"https:\/\/diligens.es\/#website","url":"https:\/\/diligens.es\/","name":"Diligens","description":"","publisher":{"@id":"https:\/\/diligens.es\/#organization"},"potentialAction":[{"@type":"SearchAction","target":{"@type":"EntryPoint","urlTemplate":"https:\/\/diligens.es\/?s={search_term_string}"},"query-input":{"@type":"PropertyValueSpecification","valueRequired":true,"valueName":"search_term_string"}}],"inLanguage":"en-US"},{"@type":"Organization","@id":"https:\/\/diligens.es\/#organization","name":"Diligens","url":"https:\/\/diligens.es\/","logo":{"@type":"ImageObject","inLanguage":"en-US","@id":"https:\/\/diligens.es\/#\/schema\/logo\/image\/","url":"https:\/\/diligens.es\/wp-content\/uploads\/2024\/10\/logodiligen.png","contentUrl":"https:\/\/diligens.es\/wp-content\/uploads\/2024\/10\/logodiligen.png","width":1200,"height":430,"caption":"Diligens"},"image":{"@id":"https:\/\/diligens.es\/#\/schema\/logo\/image\/"}}]}},"_links":{"self":[{"href":"https:\/\/diligens.es\/en\/wp-json\/wp\/v2\/pages\/502","targetHints":{"allow":["GET"]}}],"collection":[{"href":"https:\/\/diligens.es\/en\/wp-json\/wp\/v2\/pages"}],"about":[{"href":"https:\/\/diligens.es\/en\/wp-json\/wp\/v2\/types\/page"}],"author":[{"embeddable":true,"href":"https:\/\/diligens.es\/en\/wp-json\/wp\/v2\/users\/1"}],"replies":[{"embeddable":true,"href":"https:\/\/diligens.es\/en\/wp-json\/wp\/v2\/comments?post=502"}],"version-history":[{"count":41,"href":"https:\/\/diligens.es\/en\/wp-json\/wp\/v2\/pages\/502\/revisions"}],"predecessor-version":[{"id":5058,"href":"https:\/\/diligens.es\/en\/wp-json\/wp\/v2\/pages\/502\/revisions\/5058"}],"wp:attachment":[{"href":"https:\/\/diligens.es\/en\/wp-json\/wp\/v2\/media?parent=502"}],"curies":[{"name":"wp","href":"https:\/\/api.w.org\/{rel}","templated":true}]}}