{"id":524,"date":"2021-01-05T16:48:27","date_gmt":"2021-01-05T16:48:27","guid":{"rendered":"https:\/\/store.adveits.com\/project\/malex\/wp\/demo\/?page_id=524"},"modified":"2024-12-02T15:27:40","modified_gmt":"2024-12-02T14:27:40","slug":"iva","status":"publish","type":"page","link":"https:\/\/diligens.es\/en\/iva\/","title":{"rendered":"VAT"},"content":{"rendered":"<div data-elementor-type=\"wp-page\" data-elementor-id=\"524\" class=\"elementor elementor-524\">\n\t\t\t\t<div class=\"elementor-element elementor-element-98f4df8 page-title-ml content-top-spacing e-flex e-con-boxed e-con e-parent\" data-id=\"98f4df8\" data-element_type=\"container\" id=\"page-title\">\n\t\t\t\t\t<div class=\"e-con-inner\">\n\t\t\t\t<div class=\"elementor-element elementor-element-0c853ca elementor-widget elementor-widget-image\" data-id=\"0c853ca\" data-element_type=\"widget\" data-widget_type=\"image.default\">\n\t\t\t\t<div class=\"elementor-widget-container\">\n\t\t\t<style>\/*! elementor - v3.23.0 - 15-07-2024 *\/\n.elementor-widget-image{text-align:center}.elementor-widget-image a{display:inline-block}.elementor-widget-image a img[src$=\".svg\"]{width:48px}.elementor-widget-image img{vertical-align:middle;display:inline-block}<\/style>\t\t\t\t\t\t\t\t\t\t<img fetchpriority=\"high\" decoding=\"async\" width=\"1444\" height=\"1100\" src=\"https:\/\/diligens.es\/wp-content\/uploads\/2024\/09\/iva-d-web.png\" class=\"attachment-1536x1536 size-1536x1536 wp-image-1280\" alt=\"\" srcset=\"https:\/\/diligens.es\/wp-content\/uploads\/2024\/09\/iva-d-web.png 1444w, https:\/\/diligens.es\/wp-content\/uploads\/2024\/09\/iva-d-web-300x229.png 300w, https:\/\/diligens.es\/wp-content\/uploads\/2024\/09\/iva-d-web-1024x780.png 1024w, https:\/\/diligens.es\/wp-content\/uploads\/2024\/09\/iva-d-web-768x585.png 768w, https:\/\/diligens.es\/wp-content\/uploads\/2024\/09\/iva-d-web-118x90.png 118w\" sizes=\"(max-width: 1444px) 100vw, 1444px\" \/>\t\t\t\t\t\t\t\t\t\t\t\t\t<\/div>\n\t\t\t\t<\/div>\n\t\t<div class=\"elementor-element elementor-element-aa8dabf e-con-full e-flex e-con e-child\" data-id=\"aa8dabf\" data-element_type=\"container\">\n\t\t\t\t<div class=\"elementor-element elementor-element-2cbcc43 elementor-widget elementor-widget-heading\" data-id=\"2cbcc43\" data-element_type=\"widget\" data-widget_type=\"heading.default\">\n\t\t\t\t<div class=\"elementor-widget-container\">\n\t\t\t<style>\/*! elementor - v3.23.0 - 15-07-2024 *\/\n.elementor-heading-title{padding:0;margin:0;line-height:1}.elementor-widget-heading .elementor-heading-title[class*=elementor-size-]>a{color:inherit;font-size:inherit;line-height:inherit}.elementor-widget-heading .elementor-heading-title.elementor-size-small{font-size:15px}.elementor-widget-heading .elementor-heading-title.elementor-size-medium{font-size:19px}.elementor-widget-heading .elementor-heading-title.elementor-size-large{font-size:29px}.elementor-widget-heading .elementor-heading-title.elementor-size-xl{font-size:39px}.elementor-widget-heading .elementor-heading-title.elementor-size-xxl{font-size:59px}<\/style><div class=\"title\"><h1 class=\"large\">VAT<\/h1><\/div>\t\t<\/div>\n\t\t\t\t<\/div>\n\t\t\t\t<div class=\"elementor-element elementor-element-069fd90 elementor-widget elementor-widget-heading\" data-id=\"069fd90\" data-element_type=\"widget\" data-widget_type=\"heading.default\">\n\t\t\t\t<div class=\"elementor-widget-container\">\n\t\t\t<div class=\"title\"><div class=\"title-opacity\"><div class=\"title-opacity-text\">IVA\u200b<\/div><\/div><\/div>\t\t<\/div>\n\t\t\t\t<\/div>\n\t\t\t\t<div class=\"elementor-element elementor-element-74ce64b description spacer p-top-lg elementor-widget elementor-widget-text-editor\" data-id=\"74ce64b\" data-element_type=\"widget\" data-widget_type=\"text-editor.default\">\n\t\t\t\t<div class=\"elementor-widget-container\">\n\t\t\t<style>\/*! elementor - v3.23.0 - 15-07-2024 *\/\n.elementor-widget-text-editor.elementor-drop-cap-view-stacked .elementor-drop-cap{background-color:#69727d;color:#fff}.elementor-widget-text-editor.elementor-drop-cap-view-framed .elementor-drop-cap{color:#69727d;border:3px solid;background-color:transparent}.elementor-widget-text-editor:not(.elementor-drop-cap-view-default) .elementor-drop-cap{margin-top:8px}.elementor-widget-text-editor:not(.elementor-drop-cap-view-default) .elementor-drop-cap-letter{width:1em;height:1em}.elementor-widget-text-editor .elementor-drop-cap{float:left;text-align:center;line-height:1;font-size:50px}.elementor-widget-text-editor .elementor-drop-cap-letter{display:inline-block}<\/style>\t\t\t\t<p><strong>DILIGENS<\/strong> provides <strong>a full advisory service within the scope of \u200b\u200bindirect taxation<\/strong> for companies at a domestic and international level.<\/p><p>With our team of <strong>VAT specialists<\/strong> we can detect the risks, savings and advantages \"for VAT purposes\" involving the transactions that our clients develop.<\/p><p>Based on a tax analysis of the transactions, DILIGENS develops the VAT structure that suits best to the client\u2019s needs, since we are aware that each taxpayer requires a different planning. Once developed, we take care of its implementation, <strong>accompanying the client<\/strong> in his relations with third parties and with the Tax Authorities.<\/p>\t\t\t\t\t\t<\/div>\n\t\t\t\t<\/div>\n\t\t\t\t<\/div>\n\t\t\t\t\t<\/div>\n\t\t\t\t<\/div>\n\t\t<div class=\"elementor-element elementor-element-7ee2d63 e-flex e-con-boxed e-con e-parent\" data-id=\"7ee2d63\" data-element_type=\"container\">\n\t\t\t\t\t<div class=\"e-con-inner\">\n\t\t<div class=\"elementor-element elementor-element-d1ff8c9 e-con-full e-flex e-con e-child\" data-id=\"d1ff8c9\" data-element_type=\"container\">\n\t\t\t\t<div class=\"elementor-element elementor-element-7766240 elementor-widget elementor-widget-text-editor\" data-id=\"7766240\" data-element_type=\"widget\" data-widget_type=\"text-editor.default\">\n\t\t\t\t<div class=\"elementor-widget-container\">\n\t\t\t\t\t\t\t<p>In the same line of commitment, in DILIGENS we also cover the Vat international targets of our clients. Activities such as e-commerce, international trading of goods and chain supply, provision of <em>cross-border services<\/em> or the recovery of VAT borne in other Member states are some of the transactions that require a specialized VAT advice. Among others, the services provided by DILIGENS regarding VAT are:<\/p><ul><li>Preparation of writing advice and analysis of complex transactions from a VAT perspective (supply chain, import-export, e-commerce, financial services, real estate, etc).<\/li><li>Assistance and representation in VAT audits.<\/li><li>VAT refund claims in other EU Member States.<\/li><li>Preparation and submission of tax regularizations. Analysis of potential VAT contingencies.<\/li><li>Formal aspects as regard invoicing obligations.<\/li><li>Review of transactions and VAT treatment for the fulfilment of the S.I.I.<\/li><li>Review of ERP systems for the parameterization of the VAT codes.<\/li><li>Advice on the implementation of the VAT Grouping scheme.<\/li><\/ul>\t\t\t\t\t\t<\/div>\n\t\t\t\t<\/div>\n\t\t\t\t<\/div>\n\t\t\t\t\t<\/div>\n\t\t\t\t<\/div>\n\t\t        <div class=\"elementor-section elementor-inner-section elementor-element elementor-element-32bbe145 width-img elementor-section-boxed elementor-section-height-default elementor-section-height-default\" data-id=\"32bbe145\" data-element_type=\"section\" data-settings=\"{&quot;background_background&quot;:&quot;classic&quot;}\">\n                    \n        <div class=\"elementor-container elementor-column-gap-no spacer p-top-xl p-bottom-xl\">\n        \n                    <div class=\"elementor-row\">\n        \t\t<div class=\"elementor-column elementor-col-100 elementor-inner-column elementor-element elementor-element-1d00f14\" data-id=\"1d00f14\" data-element_type=\"column\" id=\"contact-form\">\n\t\t\t<div class=\"elementor-widget-wrap elementor-element-populated\">\n\t\t\t\t\t\t<div class=\"elementor-element elementor-element-43cde031 elementor-widget elementor-widget-heading\" data-id=\"43cde031\" data-element_type=\"widget\" data-widget_type=\"heading.default\">\n\t\t\t\t<div class=\"elementor-widget-container\">\n\t\t\t<div class=\"title\"><h3 class=\"pb-0\">Contact us<\/h3><\/div>\t\t<\/div>\n\t\t\t\t<\/div>\n\t\t\t\t<div class=\"elementor-element elementor-element-29372ee9 description-lg spacer p-top-lg elementor-widget elementor-widget-text-editor\" data-id=\"29372ee9\" data-element_type=\"widget\" data-widget_type=\"text-editor.default\">\n\t\t\t\t<div class=\"elementor-widget-container\">\n\t\t\t\t\t\t\t<p>Contact us for detailed information about our services.<\/p>\t\t\t\t\t\t<\/div>\n\t\t\t\t<\/div>\n\t\t\t\t<div class=\"elementor-element elementor-element-12cc052 spacer p-top-lg elementor-widget elementor-widget-shortcode\" data-id=\"12cc052\" data-element_type=\"widget\" data-widget_type=\"shortcode.default\">\n\t\t\t\t<div class=\"elementor-widget-container\">\n\t\t\t\t\t<div class=\"elementor-shortcode\">\n<div class=\"wpcf7 no-js\" id=\"wpcf7-f68-o1\" lang=\"en-US\" dir=\"ltr\" data-wpcf7-id=\"68\">\n<div class=\"screen-reader-response\"><p role=\"status\" aria-live=\"polite\" aria-atomic=\"true\"><\/p> <ul><\/ul><\/div>\n<form action=\"\/wp-json\/wp\/v2\/pages\/524\" method=\"post\" class=\"wpcf7-form init\" aria-label=\"Contact form\" novalidate=\"novalidate\" data-status=\"init\" data-trp-original-action=\"\/en\/wp-json\/wp\/v2\/pages\/524#wpcf7-f68-o1\">\n<div style=\"display: none;\">\n<input type=\"hidden\" name=\"_wpcf7\" value=\"68\" \/>\n<input type=\"hidden\" name=\"_wpcf7_version\" value=\"6.0.1\" \/>\n<input type=\"hidden\" name=\"_wpcf7_locale\" value=\"en_US\" \/>\n<input type=\"hidden\" name=\"_wpcf7_unit_tag\" value=\"wpcf7-f68-o1\" \/>\n<input type=\"hidden\" name=\"_wpcf7_container_post\" value=\"0\" \/>\n<input type=\"hidden\" name=\"_wpcf7_posted_data_hash\" value=\"\" \/>\n<input type=\"hidden\" name=\"_wpcf7_recaptcha_response\" value=\"\" \/>\n<\/div>\n<div class=\"form-group form-group-xs\">\n    <span class=\"wpcf7-form-control-wrap\" data-name=\"cf-1-name\"><input size=\"40\" maxlength=\"400\" class=\"wpcf7-form-control wpcf7-text wpcf7-validates-as-required form-control form-control-lg bg-gray-light\" id=\"cf-1-name\" aria-required=\"true\" aria-invalid=\"false\" placeholder=\"Name\" value=\"\" type=\"text\" name=\"cf-1-name\" \/><\/span>\n<\/div>\n\n<div class=\"form-group form-group-xs\">\n    <span class=\"wpcf7-form-control-wrap\" data-name=\"cf-1-email\"><input size=\"40\" maxlength=\"400\" class=\"wpcf7-form-control wpcf7-email wpcf7-validates-as-required wpcf7-text wpcf7-validates-as-email form-control form-control-lg bg-gray-light\" id=\"cf-1-email\" aria-required=\"true\" aria-invalid=\"false\" placeholder=\"E-mail\" value=\"\" type=\"email\" name=\"cf-1-email\" \/><\/span>\n<\/div>\n\n<div class=\"form-group form-group-xs\">\n    <span class=\"wpcf7-form-control-wrap\" data-name=\"cf-1-message\"><textarea cols=\"3\" rows=\"3\" maxlength=\"2000\" class=\"wpcf7-form-control wpcf7-textarea wpcf7-validates-as-required form-control form-control-lg bg-gray-light\" id=\"cf-1-message\" aria-required=\"true\" aria-invalid=\"false\" placeholder=\"How can we help?\" name=\"cf-1-message\"><\/textarea><\/span>\n<\/div>\n<div class=\"form-group form-group-xs mb-0\" style=\"margin-bottom: 52px !important;margin-top: 48px !important;\">\n<span class=\"wpcf7-form-control-wrap\" data-name=\"acceptance-620\"><span class=\"wpcf7-form-control wpcf7-acceptance\"><span class=\"wpcf7-list-item\"><label><input type=\"checkbox\" name=\"acceptance-620\" value=\"1\" aria-invalid=\"false\" \/><span class=\"wpcf7-list-item-label\">I have read and accept the <a href=\"https:\/\/diligens.es\/en\/politica-privacidad-proteccion-datos\/\" target=\"_blank\">Privacy Policy<\/a>The data entered in this form will be used for the purpose of responding to the query submitted.<\/span><\/label><\/span><\/span><\/span>\n<\/div>\n<div class=\"form-group form-group-xs mb-0\">\n    <button id=\"cf-1-submit\" class=\"wpcf7-form-control has-spinner wpcf7-submit btn btn-outline-secondary\">Send<\/button>\n<\/div><div class=\"wpcf7-response-output\" aria-hidden=\"true\"><\/div>\n<input type=\"hidden\" name=\"trp-form-language\" value=\"en\"\/><\/form>\n<\/div>\n<\/div>\n\t\t\t\t<\/div>\n\t\t\t\t<\/div>\n\t\t\t\t\t<\/div>\n\t\t<\/div>\n\t\t                    <\/div>\n                    <\/div>\n        <\/div>\n        \t\t<\/div>","protected":false},"excerpt":{"rendered":"<p>IVA IVA\u200b DILIGENS ofrece un servicio integral de asesoramiento en la rama de tributaci\u00f3n indirecta para compa\u00f1\u00edas a nivel dom\u00e9stico e internacional. Con nuestro equipo de especialistas en IVA podemos detectar los riesgos, ahorro y ventajas fiscales que \u00aba efectos del impuesto\u00bb presentan las operaciones que nuestros clientes desarrollan. Partiendo siempre de un an\u00e1lisis tributario [&hellip;]<\/p>","protected":false},"author":1,"featured_media":0,"parent":0,"menu_order":0,"comment_status":"closed","ping_status":"closed","template":"template\/page-no-title-and-content-full-width.php","meta":{"footnotes":""},"class_list":["post-524","page","type-page","status-publish","hentry"],"acf":[],"yoast_head":"<!-- This site is optimized with the Yoast SEO plugin v23.9 - https:\/\/yoast.com\/wordpress\/plugins\/seo\/ -->\n<title>IVA - Diligens<\/title>\n<meta name=\"description\" content=\"DILIGENS ofrece un servicio integral de asesoramiento en la rama de tributaci\u00f3n indirecta para compa\u00f1\u00edas a nivel dom\u00e9stico e internacional.\" \/>\n<meta name=\"robots\" content=\"index, follow, max-snippet:-1, max-image-preview:large, max-video-preview:-1\" \/>\n<link rel=\"canonical\" href=\"https:\/\/diligens.es\/en\/iva\/\" \/>\n<meta property=\"og:locale\" content=\"en_US\" \/>\n<meta property=\"og:type\" content=\"article\" \/>\n<meta property=\"og:title\" content=\"IVA - Diligens\" \/>\n<meta property=\"og:description\" content=\"DILIGENS ofrece un servicio integral de asesoramiento en la rama de tributaci\u00f3n indirecta para compa\u00f1\u00edas a nivel dom\u00e9stico e internacional.\" \/>\n<meta property=\"og:url\" content=\"https:\/\/diligens.es\/en\/iva\/\" \/>\n<meta property=\"og:site_name\" content=\"Diligens\" \/>\n<meta property=\"article:modified_time\" content=\"2024-12-02T14:27:40+00:00\" \/>\n<meta property=\"og:image\" content=\"https:\/\/diligens.es\/wp-content\/uploads\/2024\/09\/iva-d-web.png\" \/>\n<meta name=\"twitter:card\" content=\"summary_large_image\" \/>\n<meta name=\"twitter:label1\" content=\"Est. reading time\" \/>\n\t<meta name=\"twitter:data1\" content=\"2 minutes\" \/>\n<script type=\"application\/ld+json\" class=\"yoast-schema-graph\">{\"@context\":\"https:\/\/schema.org\",\"@graph\":[{\"@type\":\"WebPage\",\"@id\":\"https:\/\/diligens.es\/iva\/\",\"url\":\"https:\/\/diligens.es\/iva\/\",\"name\":\"IVA - Diligens\",\"isPartOf\":{\"@id\":\"https:\/\/diligens.es\/#website\"},\"primaryImageOfPage\":{\"@id\":\"https:\/\/diligens.es\/iva\/#primaryimage\"},\"image\":{\"@id\":\"https:\/\/diligens.es\/iva\/#primaryimage\"},\"thumbnailUrl\":\"https:\/\/diligens.es\/wp-content\/uploads\/2024\/09\/iva-d-web.png\",\"datePublished\":\"2021-01-05T16:48:27+00:00\",\"dateModified\":\"2024-12-02T14:27:40+00:00\",\"description\":\"DILIGENS ofrece un servicio integral de asesoramiento en la rama de tributaci\u00f3n indirecta para compa\u00f1\u00edas a nivel dom\u00e9stico e internacional.\",\"breadcrumb\":{\"@id\":\"https:\/\/diligens.es\/iva\/#breadcrumb\"},\"inLanguage\":\"en-US\",\"potentialAction\":[{\"@type\":\"ReadAction\",\"target\":[\"https:\/\/diligens.es\/iva\/\"]}]},{\"@type\":\"ImageObject\",\"inLanguage\":\"en-US\",\"@id\":\"https:\/\/diligens.es\/iva\/#primaryimage\",\"url\":\"https:\/\/diligens.es\/wp-content\/uploads\/2024\/09\/iva-d-web.png\",\"contentUrl\":\"https:\/\/diligens.es\/wp-content\/uploads\/2024\/09\/iva-d-web.png\"},{\"@type\":\"BreadcrumbList\",\"@id\":\"https:\/\/diligens.es\/iva\/#breadcrumb\",\"itemListElement\":[{\"@type\":\"ListItem\",\"position\":1,\"name\":\"Portada\",\"item\":\"https:\/\/diligens.es\/\"},{\"@type\":\"ListItem\",\"position\":2,\"name\":\"IVA\"}]},{\"@type\":\"WebSite\",\"@id\":\"https:\/\/diligens.es\/#website\",\"url\":\"https:\/\/diligens.es\/\",\"name\":\"Diligens\",\"description\":\"\",\"publisher\":{\"@id\":\"https:\/\/diligens.es\/#organization\"},\"potentialAction\":[{\"@type\":\"SearchAction\",\"target\":{\"@type\":\"EntryPoint\",\"urlTemplate\":\"https:\/\/diligens.es\/?s={search_term_string}\"},\"query-input\":{\"@type\":\"PropertyValueSpecification\",\"valueRequired\":true,\"valueName\":\"search_term_string\"}}],\"inLanguage\":\"en-US\"},{\"@type\":\"Organization\",\"@id\":\"https:\/\/diligens.es\/#organization\",\"name\":\"Diligens\",\"url\":\"https:\/\/diligens.es\/\",\"logo\":{\"@type\":\"ImageObject\",\"inLanguage\":\"en-US\",\"@id\":\"https:\/\/diligens.es\/#\/schema\/logo\/image\/\",\"url\":\"https:\/\/diligens.es\/wp-content\/uploads\/2024\/10\/logodiligen.png\",\"contentUrl\":\"https:\/\/diligens.es\/wp-content\/uploads\/2024\/10\/logodiligen.png\",\"width\":1200,\"height\":430,\"caption\":\"Diligens\"},\"image\":{\"@id\":\"https:\/\/diligens.es\/#\/schema\/logo\/image\/\"}}]}<\/script>\n<!-- \/ Yoast SEO plugin. -->","yoast_head_json":{"title":"IVA - Diligens","description":"DILIGENS ofrece un servicio integral de asesoramiento en la rama de tributaci\u00f3n indirecta para compa\u00f1\u00edas a nivel dom\u00e9stico e internacional.","robots":{"index":"index","follow":"follow","max-snippet":"max-snippet:-1","max-image-preview":"max-image-preview:large","max-video-preview":"max-video-preview:-1"},"canonical":"https:\/\/diligens.es\/en\/iva\/","og_locale":"en_US","og_type":"article","og_title":"IVA - Diligens","og_description":"DILIGENS ofrece un servicio integral de asesoramiento en la rama de tributaci\u00f3n indirecta para compa\u00f1\u00edas a nivel dom\u00e9stico e internacional.","og_url":"https:\/\/diligens.es\/en\/iva\/","og_site_name":"Diligens","article_modified_time":"2024-12-02T14:27:40+00:00","og_image":[{"url":"https:\/\/diligens.es\/wp-content\/uploads\/2024\/09\/iva-d-web.png"}],"twitter_card":"summary_large_image","twitter_misc":{"Est. reading time":"2 minutes"},"schema":{"@context":"https:\/\/schema.org","@graph":[{"@type":"WebPage","@id":"https:\/\/diligens.es\/iva\/","url":"https:\/\/diligens.es\/iva\/","name":"IVA - Diligens","isPartOf":{"@id":"https:\/\/diligens.es\/#website"},"primaryImageOfPage":{"@id":"https:\/\/diligens.es\/iva\/#primaryimage"},"image":{"@id":"https:\/\/diligens.es\/iva\/#primaryimage"},"thumbnailUrl":"https:\/\/diligens.es\/wp-content\/uploads\/2024\/09\/iva-d-web.png","datePublished":"2021-01-05T16:48:27+00:00","dateModified":"2024-12-02T14:27:40+00:00","description":"DILIGENS ofrece un servicio integral de asesoramiento en la rama de tributaci\u00f3n indirecta para compa\u00f1\u00edas a nivel dom\u00e9stico e internacional.","breadcrumb":{"@id":"https:\/\/diligens.es\/iva\/#breadcrumb"},"inLanguage":"en-US","potentialAction":[{"@type":"ReadAction","target":["https:\/\/diligens.es\/iva\/"]}]},{"@type":"ImageObject","inLanguage":"en-US","@id":"https:\/\/diligens.es\/iva\/#primaryimage","url":"https:\/\/diligens.es\/wp-content\/uploads\/2024\/09\/iva-d-web.png","contentUrl":"https:\/\/diligens.es\/wp-content\/uploads\/2024\/09\/iva-d-web.png"},{"@type":"BreadcrumbList","@id":"https:\/\/diligens.es\/iva\/#breadcrumb","itemListElement":[{"@type":"ListItem","position":1,"name":"Portada","item":"https:\/\/diligens.es\/"},{"@type":"ListItem","position":2,"name":"IVA"}]},{"@type":"WebSite","@id":"https:\/\/diligens.es\/#website","url":"https:\/\/diligens.es\/","name":"Diligens","description":"","publisher":{"@id":"https:\/\/diligens.es\/#organization"},"potentialAction":[{"@type":"SearchAction","target":{"@type":"EntryPoint","urlTemplate":"https:\/\/diligens.es\/?s={search_term_string}"},"query-input":{"@type":"PropertyValueSpecification","valueRequired":true,"valueName":"search_term_string"}}],"inLanguage":"en-US"},{"@type":"Organization","@id":"https:\/\/diligens.es\/#organization","name":"Diligens","url":"https:\/\/diligens.es\/","logo":{"@type":"ImageObject","inLanguage":"en-US","@id":"https:\/\/diligens.es\/#\/schema\/logo\/image\/","url":"https:\/\/diligens.es\/wp-content\/uploads\/2024\/10\/logodiligen.png","contentUrl":"https:\/\/diligens.es\/wp-content\/uploads\/2024\/10\/logodiligen.png","width":1200,"height":430,"caption":"Diligens"},"image":{"@id":"https:\/\/diligens.es\/#\/schema\/logo\/image\/"}}]}},"_links":{"self":[{"href":"https:\/\/diligens.es\/en\/wp-json\/wp\/v2\/pages\/524","targetHints":{"allow":["GET"]}}],"collection":[{"href":"https:\/\/diligens.es\/en\/wp-json\/wp\/v2\/pages"}],"about":[{"href":"https:\/\/diligens.es\/en\/wp-json\/wp\/v2\/types\/page"}],"author":[{"embeddable":true,"href":"https:\/\/diligens.es\/en\/wp-json\/wp\/v2\/users\/1"}],"replies":[{"embeddable":true,"href":"https:\/\/diligens.es\/en\/wp-json\/wp\/v2\/comments?post=524"}],"version-history":[{"count":122,"href":"https:\/\/diligens.es\/en\/wp-json\/wp\/v2\/pages\/524\/revisions"}],"predecessor-version":[{"id":5052,"href":"https:\/\/diligens.es\/en\/wp-json\/wp\/v2\/pages\/524\/revisions\/5052"}],"wp:attachment":[{"href":"https:\/\/diligens.es\/en\/wp-json\/wp\/v2\/media?parent=524"}],"curies":[{"name":"wp","href":"https:\/\/api.w.org\/{rel}","templated":true}]}}