{"id":528,"date":"2021-01-05T16:48:29","date_gmt":"2021-01-05T16:48:29","guid":{"rendered":"https:\/\/store.adveits.com\/project\/malex\/wp\/demo\/?page_id=528"},"modified":"2024-12-02T15:28:17","modified_gmt":"2024-12-02T14:28:17","slug":"tax-compliance","status":"publish","type":"page","link":"https:\/\/diligens.es\/en\/tax-compliance\/","title":{"rendered":"TAX COMPLIANCE"},"content":{"rendered":"<div data-elementor-type=\"wp-page\" data-elementor-id=\"528\" class=\"elementor elementor-528\">\n\t\t\t\t<div class=\"elementor-element elementor-element-2f625b58 page-title-ml content-top-spacing e-flex e-con-boxed e-con e-parent\" data-id=\"2f625b58\" data-element_type=\"container\" id=\"page-title\">\n\t\t\t\t\t<div class=\"e-con-inner\">\n\t\t\t\t<div class=\"elementor-element elementor-element-24ab8fb4 elementor-widget elementor-widget-image\" data-id=\"24ab8fb4\" data-element_type=\"widget\" data-widget_type=\"image.default\">\n\t\t\t\t<div class=\"elementor-widget-container\">\n\t\t\t<style>\/*! elementor - v3.23.0 - 15-07-2024 *\/\n.elementor-widget-image{text-align:center}.elementor-widget-image a{display:inline-block}.elementor-widget-image a img[src$=\".svg\"]{width:48px}.elementor-widget-image img{vertical-align:middle;display:inline-block}<\/style>\t\t\t\t\t\t\t\t\t\t<img fetchpriority=\"high\" decoding=\"async\" width=\"1444\" height=\"1100\" src=\"https:\/\/diligens.es\/wp-content\/uploads\/2024\/07\/tax-compliance.png\" class=\"attachment-1536x1536 size-1536x1536 wp-image-905\" alt=\"\" srcset=\"https:\/\/diligens.es\/wp-content\/uploads\/2024\/07\/tax-compliance.png 1444w, https:\/\/diligens.es\/wp-content\/uploads\/2024\/07\/tax-compliance-300x229.png 300w, https:\/\/diligens.es\/wp-content\/uploads\/2024\/07\/tax-compliance-1024x780.png 1024w, https:\/\/diligens.es\/wp-content\/uploads\/2024\/07\/tax-compliance-768x585.png 768w, https:\/\/diligens.es\/wp-content\/uploads\/2024\/07\/tax-compliance-118x90.png 118w\" sizes=\"(max-width: 1444px) 100vw, 1444px\" \/>\t\t\t\t\t\t\t\t\t\t\t\t\t<\/div>\n\t\t\t\t<\/div>\n\t\t<div class=\"elementor-element elementor-element-3ec31cee e-con-full e-flex e-con e-child\" data-id=\"3ec31cee\" data-element_type=\"container\">\n\t\t\t\t<div class=\"elementor-element elementor-element-2b71ddae elementor-widget elementor-widget-heading\" data-id=\"2b71ddae\" data-element_type=\"widget\" data-widget_type=\"heading.default\">\n\t\t\t\t<div class=\"elementor-widget-container\">\n\t\t\t<style>\/*! elementor - v3.23.0 - 15-07-2024 *\/\n.elementor-heading-title{padding:0;margin:0;line-height:1}.elementor-widget-heading .elementor-heading-title[class*=elementor-size-]>a{color:inherit;font-size:inherit;line-height:inherit}.elementor-widget-heading .elementor-heading-title.elementor-size-small{font-size:15px}.elementor-widget-heading .elementor-heading-title.elementor-size-medium{font-size:19px}.elementor-widget-heading .elementor-heading-title.elementor-size-large{font-size:29px}.elementor-widget-heading .elementor-heading-title.elementor-size-xl{font-size:39px}.elementor-widget-heading .elementor-heading-title.elementor-size-xxl{font-size:59px}<\/style><div class=\"title\"><h1 class=\"large\">TAX COMPLIANCE<\/h1><\/div>\t\t<\/div>\n\t\t\t\t<\/div>\n\t\t\t\t<div class=\"elementor-element elementor-element-589a327e elementor-widget elementor-widget-heading\" data-id=\"589a327e\" data-element_type=\"widget\" data-widget_type=\"heading.default\">\n\t\t\t\t<div class=\"elementor-widget-container\">\n\t\t\t<div class=\"title\"><div class=\"title-opacity\"><div class=\"title-opacity-text\">COMPLIANCE<\/div><\/div><\/div>\t\t<\/div>\n\t\t\t\t<\/div>\n\t\t\t\t<div class=\"elementor-element elementor-element-7813e0d9 description spacer p-top-lg elementor-widget elementor-widget-text-editor\" data-id=\"7813e0d9\" data-element_type=\"widget\" data-widget_type=\"text-editor.default\">\n\t\t\t\t<div class=\"elementor-widget-container\">\n\t\t\t<style>\/*! elementor - v3.23.0 - 15-07-2024 *\/\n.elementor-widget-text-editor.elementor-drop-cap-view-stacked .elementor-drop-cap{background-color:#69727d;color:#fff}.elementor-widget-text-editor.elementor-drop-cap-view-framed .elementor-drop-cap{color:#69727d;border:3px solid;background-color:transparent}.elementor-widget-text-editor:not(.elementor-drop-cap-view-default) .elementor-drop-cap{margin-top:8px}.elementor-widget-text-editor:not(.elementor-drop-cap-view-default) .elementor-drop-cap-letter{width:1em;height:1em}.elementor-widget-text-editor .elementor-drop-cap{float:left;text-align:center;line-height:1;font-size:50px}.elementor-widget-text-editor .elementor-drop-cap-letter{display:inline-block}<\/style>\t\t\t\t<p>Apart from our specialized advisory services, DILIGENS is focus on the correct <strong>implementation and regular management of our clients<\/strong> tax compliance.<\/p><p>With special relevance and a <strong>long expertise in VAT compliance services<\/strong> for non-resident entities, but also covering the tax compliance of national companies liable to all taxes, at <strong>DILIGENS<\/strong> we consider as key point to review in-depth the information provided regularly by our clients in order to apply the correct tax treatment and the fulfilment of the tax forms within deadline, <strong>with the objective of avoiding risks and tax contingencies.<\/strong>.<\/p>\t\t\t\t\t\t<\/div>\n\t\t\t\t<\/div>\n\t\t\t\t<\/div>\n\t\t\t\t\t<\/div>\n\t\t\t\t<\/div>\n\t\t<div class=\"elementor-element elementor-element-6a48881 e-flex e-con-boxed e-con e-parent\" data-id=\"6a48881\" data-element_type=\"container\">\n\t\t\t\t\t<div class=\"e-con-inner\">\n\t\t<div class=\"elementor-element elementor-element-4bd8b1e e-con-full e-flex e-con e-child\" data-id=\"4bd8b1e\" data-element_type=\"container\">\n\t\t\t\t<div class=\"elementor-element elementor-element-15330fb6 elementor-widget elementor-widget-text-editor\" data-id=\"15330fb6\" data-element_type=\"widget\" data-widget_type=\"text-editor.default\">\n\t\t\t\t<div class=\"elementor-widget-container\">\n\t\t\t\t\t\t\t<div class=\"wpb_row vc_row vc_row-fluid jupiter-donut- mk-fullwidth-false attched-false js-master-row mk-grid mk-in-viewport\" data-mk-stretch-content=\"true\"><div class=\"vc_col-sm-6 wpb_column column_container jupiter-donut- _ jupiter-donut-height-full\"><div class=\"vc_custom_1548247882514\"><div id=\"text-block-4\" class=\"mk-text-block jupiter-donut-\"><p>Our tax compliance services include:<\/p><div class=\"clearboth\">\u00a0<\/div><\/div><\/div><\/div><\/div><div class=\"wpb_row vc_row vc_row-fluid jupiter-donut- mk-fullwidth-false attched-false js-master-row mk-grid mk-in-viewport\" data-mk-stretch-content=\"true\"><div class=\"vc_col-sm-12 wpb_column column_container jupiter-donut- _ jupiter-donut-height-full\"><div class=\"vc_custom_1548247903713\"><div id=\"text-block-7\" class=\"mk-text-block jupiter-donut-\"><ul><li>Preparation and submission of tax returns (VAT, Corporate Income Tax, Personal Income Tax, Non-Resident Income Tax).<\/li><li>VAT refund claim for non-established taxpayers.<\/li><li>Assistance to comply with the Immediate Provision of Information system (S.I.I.).<\/li><li>VAT recovery on bad debt.<\/li><li>Application for Tax id. Number and VAT registration for non-resident entities.<\/li><li>VAT registration in other EU Member States.<\/li><li>Tax representation for non-resident entities.<\/li><li>Domiciliation and review of the Enabled Electronic Address.<\/li><li>VAT Compliance in the scope of e-commerce special VAT schemes\u201d (OSS and IOSS).<\/li><li>Application for special tax scheme for employees displaced to Spain (Beckham Law).<\/li><\/ul><\/div><\/div><\/div><\/div>\t\t\t\t\t\t<\/div>\n\t\t\t\t<\/div>\n\t\t\t\t<\/div>\n\t\t\t\t\t<\/div>\n\t\t\t\t<\/div>\n\t\t        <div class=\"elementor-section elementor-inner-section elementor-element elementor-element-22ec8baf width-img elementor-section-boxed elementor-section-height-default elementor-section-height-default\" data-id=\"22ec8baf\" data-element_type=\"section\" data-settings=\"{&quot;background_background&quot;:&quot;classic&quot;}\">\n                    \n        <div class=\"elementor-container elementor-column-gap-no spacer p-top-xl p-bottom-xl\">\n        \n                    <div class=\"elementor-row\">\n        \t\t<div class=\"elementor-column elementor-col-100 elementor-inner-column elementor-element elementor-element-4bd2f936\" data-id=\"4bd2f936\" data-element_type=\"column\" id=\"contact-form\">\n\t\t\t<div class=\"elementor-widget-wrap elementor-element-populated\">\n\t\t\t\t\t\t<div class=\"elementor-element elementor-element-107ac79e elementor-widget elementor-widget-heading\" data-id=\"107ac79e\" data-element_type=\"widget\" data-widget_type=\"heading.default\">\n\t\t\t\t<div class=\"elementor-widget-container\">\n\t\t\t<div class=\"title\"><h3 class=\"pb-0\">Contact us<\/h3><\/div>\t\t<\/div>\n\t\t\t\t<\/div>\n\t\t\t\t<div class=\"elementor-element elementor-element-63f9297 description-lg spacer p-top-lg elementor-widget elementor-widget-text-editor\" data-id=\"63f9297\" data-element_type=\"widget\" data-widget_type=\"text-editor.default\">\n\t\t\t\t<div class=\"elementor-widget-container\">\n\t\t\t\t\t\t\t<p>Contact us for detailed information about our services.<\/p>\t\t\t\t\t\t<\/div>\n\t\t\t\t<\/div>\n\t\t\t\t<div class=\"elementor-element elementor-element-1292ab82 spacer p-top-lg elementor-widget elementor-widget-shortcode\" data-id=\"1292ab82\" data-element_type=\"widget\" data-widget_type=\"shortcode.default\">\n\t\t\t\t<div class=\"elementor-widget-container\">\n\t\t\t\t\t<div class=\"elementor-shortcode\">\n<div class=\"wpcf7 no-js\" id=\"wpcf7-f68-o1\" lang=\"en-US\" dir=\"ltr\" data-wpcf7-id=\"68\">\n<div class=\"screen-reader-response\"><p role=\"status\" aria-live=\"polite\" aria-atomic=\"true\"><\/p> <ul><\/ul><\/div>\n<form action=\"\/wp-json\/wp\/v2\/pages\/528\" method=\"post\" class=\"wpcf7-form init\" aria-label=\"Contact form\" novalidate=\"novalidate\" data-status=\"init\" data-trp-original-action=\"\/en\/wp-json\/wp\/v2\/pages\/528#wpcf7-f68-o1\">\n<div style=\"display: none;\">\n<input type=\"hidden\" name=\"_wpcf7\" value=\"68\" \/>\n<input type=\"hidden\" name=\"_wpcf7_version\" value=\"6.0.1\" \/>\n<input type=\"hidden\" name=\"_wpcf7_locale\" value=\"en_US\" \/>\n<input type=\"hidden\" name=\"_wpcf7_unit_tag\" value=\"wpcf7-f68-o1\" \/>\n<input type=\"hidden\" name=\"_wpcf7_container_post\" value=\"0\" \/>\n<input type=\"hidden\" name=\"_wpcf7_posted_data_hash\" value=\"\" \/>\n<input type=\"hidden\" name=\"_wpcf7_recaptcha_response\" value=\"\" \/>\n<\/div>\n<div class=\"form-group form-group-xs\">\n    <span class=\"wpcf7-form-control-wrap\" data-name=\"cf-1-name\"><input size=\"40\" maxlength=\"400\" class=\"wpcf7-form-control wpcf7-text wpcf7-validates-as-required form-control form-control-lg bg-gray-light\" id=\"cf-1-name\" aria-required=\"true\" aria-invalid=\"false\" placeholder=\"Name\" value=\"\" type=\"text\" name=\"cf-1-name\" \/><\/span>\n<\/div>\n\n<div class=\"form-group form-group-xs\">\n    <span class=\"wpcf7-form-control-wrap\" data-name=\"cf-1-email\"><input size=\"40\" maxlength=\"400\" class=\"wpcf7-form-control wpcf7-email wpcf7-validates-as-required wpcf7-text wpcf7-validates-as-email form-control form-control-lg bg-gray-light\" id=\"cf-1-email\" aria-required=\"true\" aria-invalid=\"false\" placeholder=\"E-mail\" value=\"\" type=\"email\" name=\"cf-1-email\" \/><\/span>\n<\/div>\n\n<div class=\"form-group form-group-xs\">\n    <span class=\"wpcf7-form-control-wrap\" data-name=\"cf-1-message\"><textarea cols=\"3\" rows=\"3\" maxlength=\"2000\" class=\"wpcf7-form-control wpcf7-textarea wpcf7-validates-as-required form-control form-control-lg bg-gray-light\" id=\"cf-1-message\" aria-required=\"true\" aria-invalid=\"false\" placeholder=\"How can we help?\" name=\"cf-1-message\"><\/textarea><\/span>\n<\/div>\n<div class=\"form-group form-group-xs mb-0\" style=\"margin-bottom: 52px !important;margin-top: 48px !important;\">\n<span class=\"wpcf7-form-control-wrap\" data-name=\"acceptance-620\"><span class=\"wpcf7-form-control wpcf7-acceptance\"><span class=\"wpcf7-list-item\"><label><input type=\"checkbox\" name=\"acceptance-620\" value=\"1\" aria-invalid=\"false\" \/><span class=\"wpcf7-list-item-label\">I have read and accept the <a href=\"https:\/\/diligens.es\/en\/politica-privacidad-proteccion-datos\/\" target=\"_blank\">Privacy Policy<\/a>The data entered in this form will be used for the purpose of responding to the query submitted.<\/span><\/label><\/span><\/span><\/span>\n<\/div>\n<div class=\"form-group form-group-xs mb-0\">\n    <button id=\"cf-1-submit\" class=\"wpcf7-form-control has-spinner wpcf7-submit btn btn-outline-secondary\">Send<\/button>\n<\/div><div class=\"wpcf7-response-output\" aria-hidden=\"true\"><\/div>\n<input type=\"hidden\" name=\"trp-form-language\" value=\"en\"\/><\/form>\n<\/div>\n<\/div>\n\t\t\t\t<\/div>\n\t\t\t\t<\/div>\n\t\t\t\t\t<\/div>\n\t\t<\/div>\n\t\t                    <\/div>\n                    <\/div>\n        <\/div>\n        \t\t<\/div>","protected":false},"excerpt":{"rendered":"<p>TAX COMPLIANCE COMPLIANCE Sin perjuicio de nuestros servicios de asesoramiento especializados, DILIGENS va de la mano de sus clientes para la correcta implementaci\u00f3n y gesti\u00f3n regular de las obligaciones tributarias de los mismos. Con especial relevancia y con una larga trayectoria en la gesti\u00f3n tributaria para entidades no residentes y sus obligaciones formales de cara [&hellip;]<\/p>","protected":false},"author":1,"featured_media":0,"parent":0,"menu_order":0,"comment_status":"closed","ping_status":"closed","template":"template\/page-no-title-and-content-full-width.php","meta":{"footnotes":""},"class_list":["post-528","page","type-page","status-publish","hentry"],"acf":[],"yoast_head":"<!-- This site is optimized with the Yoast SEO plugin v23.9 - https:\/\/yoast.com\/wordpress\/plugins\/seo\/ -->\n<title>TAX COMPLIANCE - Diligens<\/title>\n<meta name=\"description\" content=\"Somos tu consultor\u00eda de Gesti\u00f3n Tributaria y Tax Compliance. Nuestros servicios se basan en la profesionalidad y en evitar riesgos.\" \/>\n<meta name=\"robots\" content=\"index, follow, max-snippet:-1, max-image-preview:large, max-video-preview:-1\" \/>\n<link rel=\"canonical\" href=\"https:\/\/diligens.es\/en\/tax-compliance\/\" \/>\n<meta property=\"og:locale\" content=\"en_US\" \/>\n<meta property=\"og:type\" content=\"article\" \/>\n<meta property=\"og:title\" content=\"TAX COMPLIANCE - Diligens\" \/>\n<meta property=\"og:description\" content=\"Somos tu consultor\u00eda de Gesti\u00f3n Tributaria y Tax Compliance. Nuestros servicios se basan en la profesionalidad y en evitar riesgos.\" \/>\n<meta property=\"og:url\" content=\"https:\/\/diligens.es\/en\/tax-compliance\/\" \/>\n<meta property=\"og:site_name\" content=\"Diligens\" \/>\n<meta property=\"article:modified_time\" content=\"2024-12-02T14:28:17+00:00\" \/>\n<meta property=\"og:image\" content=\"https:\/\/diligens.es\/wp-content\/uploads\/2024\/07\/tax-compliance.png\" \/>\n<meta name=\"twitter:card\" content=\"summary_large_image\" \/>\n<meta name=\"twitter:label1\" content=\"Est. reading time\" \/>\n\t<meta name=\"twitter:data1\" content=\"2 minutes\" \/>\n<script type=\"application\/ld+json\" class=\"yoast-schema-graph\">{\"@context\":\"https:\/\/schema.org\",\"@graph\":[{\"@type\":\"WebPage\",\"@id\":\"https:\/\/diligens.es\/tax-compliance\/\",\"url\":\"https:\/\/diligens.es\/tax-compliance\/\",\"name\":\"TAX COMPLIANCE - Diligens\",\"isPartOf\":{\"@id\":\"https:\/\/diligens.es\/#website\"},\"primaryImageOfPage\":{\"@id\":\"https:\/\/diligens.es\/tax-compliance\/#primaryimage\"},\"image\":{\"@id\":\"https:\/\/diligens.es\/tax-compliance\/#primaryimage\"},\"thumbnailUrl\":\"https:\/\/diligens.es\/wp-content\/uploads\/2024\/07\/tax-compliance.png\",\"datePublished\":\"2021-01-05T16:48:29+00:00\",\"dateModified\":\"2024-12-02T14:28:17+00:00\",\"description\":\"Somos tu consultor\u00eda de Gesti\u00f3n Tributaria y Tax Compliance. Nuestros servicios se basan en la profesionalidad y en evitar riesgos.\",\"breadcrumb\":{\"@id\":\"https:\/\/diligens.es\/tax-compliance\/#breadcrumb\"},\"inLanguage\":\"en-US\",\"potentialAction\":[{\"@type\":\"ReadAction\",\"target\":[\"https:\/\/diligens.es\/tax-compliance\/\"]}]},{\"@type\":\"ImageObject\",\"inLanguage\":\"en-US\",\"@id\":\"https:\/\/diligens.es\/tax-compliance\/#primaryimage\",\"url\":\"https:\/\/diligens.es\/wp-content\/uploads\/2024\/07\/tax-compliance.png\",\"contentUrl\":\"https:\/\/diligens.es\/wp-content\/uploads\/2024\/07\/tax-compliance.png\"},{\"@type\":\"BreadcrumbList\",\"@id\":\"https:\/\/diligens.es\/tax-compliance\/#breadcrumb\",\"itemListElement\":[{\"@type\":\"ListItem\",\"position\":1,\"name\":\"Portada\",\"item\":\"https:\/\/diligens.es\/\"},{\"@type\":\"ListItem\",\"position\":2,\"name\":\"TAX COMPLIANCE\"}]},{\"@type\":\"WebSite\",\"@id\":\"https:\/\/diligens.es\/#website\",\"url\":\"https:\/\/diligens.es\/\",\"name\":\"Diligens\",\"description\":\"\",\"publisher\":{\"@id\":\"https:\/\/diligens.es\/#organization\"},\"potentialAction\":[{\"@type\":\"SearchAction\",\"target\":{\"@type\":\"EntryPoint\",\"urlTemplate\":\"https:\/\/diligens.es\/?s={search_term_string}\"},\"query-input\":{\"@type\":\"PropertyValueSpecification\",\"valueRequired\":true,\"valueName\":\"search_term_string\"}}],\"inLanguage\":\"en-US\"},{\"@type\":\"Organization\",\"@id\":\"https:\/\/diligens.es\/#organization\",\"name\":\"Diligens\",\"url\":\"https:\/\/diligens.es\/\",\"logo\":{\"@type\":\"ImageObject\",\"inLanguage\":\"en-US\",\"@id\":\"https:\/\/diligens.es\/#\/schema\/logo\/image\/\",\"url\":\"https:\/\/diligens.es\/wp-content\/uploads\/2024\/10\/logodiligen.png\",\"contentUrl\":\"https:\/\/diligens.es\/wp-content\/uploads\/2024\/10\/logodiligen.png\",\"width\":1200,\"height\":430,\"caption\":\"Diligens\"},\"image\":{\"@id\":\"https:\/\/diligens.es\/#\/schema\/logo\/image\/\"}}]}<\/script>\n<!-- \/ Yoast SEO plugin. -->","yoast_head_json":{"title":"TAX COMPLIANCE - Diligens","description":"Somos tu consultor\u00eda de Gesti\u00f3n Tributaria y Tax Compliance. Nuestros servicios se basan en la profesionalidad y en evitar riesgos.","robots":{"index":"index","follow":"follow","max-snippet":"max-snippet:-1","max-image-preview":"max-image-preview:large","max-video-preview":"max-video-preview:-1"},"canonical":"https:\/\/diligens.es\/en\/tax-compliance\/","og_locale":"en_US","og_type":"article","og_title":"TAX COMPLIANCE - Diligens","og_description":"Somos tu consultor\u00eda de Gesti\u00f3n Tributaria y Tax Compliance. Nuestros servicios se basan en la profesionalidad y en evitar riesgos.","og_url":"https:\/\/diligens.es\/en\/tax-compliance\/","og_site_name":"Diligens","article_modified_time":"2024-12-02T14:28:17+00:00","og_image":[{"url":"https:\/\/diligens.es\/wp-content\/uploads\/2024\/07\/tax-compliance.png"}],"twitter_card":"summary_large_image","twitter_misc":{"Est. reading time":"2 minutes"},"schema":{"@context":"https:\/\/schema.org","@graph":[{"@type":"WebPage","@id":"https:\/\/diligens.es\/tax-compliance\/","url":"https:\/\/diligens.es\/tax-compliance\/","name":"TAX COMPLIANCE - Diligens","isPartOf":{"@id":"https:\/\/diligens.es\/#website"},"primaryImageOfPage":{"@id":"https:\/\/diligens.es\/tax-compliance\/#primaryimage"},"image":{"@id":"https:\/\/diligens.es\/tax-compliance\/#primaryimage"},"thumbnailUrl":"https:\/\/diligens.es\/wp-content\/uploads\/2024\/07\/tax-compliance.png","datePublished":"2021-01-05T16:48:29+00:00","dateModified":"2024-12-02T14:28:17+00:00","description":"Somos tu consultor\u00eda de Gesti\u00f3n Tributaria y Tax Compliance. Nuestros servicios se basan en la profesionalidad y en evitar riesgos.","breadcrumb":{"@id":"https:\/\/diligens.es\/tax-compliance\/#breadcrumb"},"inLanguage":"en-US","potentialAction":[{"@type":"ReadAction","target":["https:\/\/diligens.es\/tax-compliance\/"]}]},{"@type":"ImageObject","inLanguage":"en-US","@id":"https:\/\/diligens.es\/tax-compliance\/#primaryimage","url":"https:\/\/diligens.es\/wp-content\/uploads\/2024\/07\/tax-compliance.png","contentUrl":"https:\/\/diligens.es\/wp-content\/uploads\/2024\/07\/tax-compliance.png"},{"@type":"BreadcrumbList","@id":"https:\/\/diligens.es\/tax-compliance\/#breadcrumb","itemListElement":[{"@type":"ListItem","position":1,"name":"Portada","item":"https:\/\/diligens.es\/"},{"@type":"ListItem","position":2,"name":"TAX COMPLIANCE"}]},{"@type":"WebSite","@id":"https:\/\/diligens.es\/#website","url":"https:\/\/diligens.es\/","name":"Diligens","description":"","publisher":{"@id":"https:\/\/diligens.es\/#organization"},"potentialAction":[{"@type":"SearchAction","target":{"@type":"EntryPoint","urlTemplate":"https:\/\/diligens.es\/?s={search_term_string}"},"query-input":{"@type":"PropertyValueSpecification","valueRequired":true,"valueName":"search_term_string"}}],"inLanguage":"en-US"},{"@type":"Organization","@id":"https:\/\/diligens.es\/#organization","name":"Diligens","url":"https:\/\/diligens.es\/","logo":{"@type":"ImageObject","inLanguage":"en-US","@id":"https:\/\/diligens.es\/#\/schema\/logo\/image\/","url":"https:\/\/diligens.es\/wp-content\/uploads\/2024\/10\/logodiligen.png","contentUrl":"https:\/\/diligens.es\/wp-content\/uploads\/2024\/10\/logodiligen.png","width":1200,"height":430,"caption":"Diligens"},"image":{"@id":"https:\/\/diligens.es\/#\/schema\/logo\/image\/"}}]}},"_links":{"self":[{"href":"https:\/\/diligens.es\/en\/wp-json\/wp\/v2\/pages\/528","targetHints":{"allow":["GET"]}}],"collection":[{"href":"https:\/\/diligens.es\/en\/wp-json\/wp\/v2\/pages"}],"about":[{"href":"https:\/\/diligens.es\/en\/wp-json\/wp\/v2\/types\/page"}],"author":[{"embeddable":true,"href":"https:\/\/diligens.es\/en\/wp-json\/wp\/v2\/users\/1"}],"replies":[{"embeddable":true,"href":"https:\/\/diligens.es\/en\/wp-json\/wp\/v2\/comments?post=528"}],"version-history":[{"count":32,"href":"https:\/\/diligens.es\/en\/wp-json\/wp\/v2\/pages\/528\/revisions"}],"predecessor-version":[{"id":5055,"href":"https:\/\/diligens.es\/en\/wp-json\/wp\/v2\/pages\/528\/revisions\/5055"}],"wp:attachment":[{"href":"https:\/\/diligens.es\/en\/wp-json\/wp\/v2\/media?parent=528"}],"curies":[{"name":"wp","href":"https:\/\/api.w.org\/{rel}","templated":true}]}}