{"id":919,"date":"2024-07-19T12:51:31","date_gmt":"2024-07-19T10:51:31","guid":{"rendered":"https:\/\/diligens.es\/?page_id=919"},"modified":"2024-12-02T15:29:26","modified_gmt":"2024-12-02T14:29:26","slug":"precios-de-transferencia","status":"publish","type":"page","link":"https:\/\/diligens.es\/en\/precios-de-transferencia\/","title":{"rendered":"Transfer Pricing"},"content":{"rendered":"<div data-elementor-type=\"wp-page\" data-elementor-id=\"919\" class=\"elementor elementor-919\">\n\t\t\t\t<div class=\"elementor-element elementor-element-429d9084 page-title-ml content-top-spacing e-flex e-con-boxed e-con e-parent\" data-id=\"429d9084\" data-element_type=\"container\" id=\"page-title\">\n\t\t\t\t\t<div class=\"e-con-inner\">\n\t\t\t\t<div class=\"elementor-element elementor-element-57ad9eb0 elementor-widget elementor-widget-image\" data-id=\"57ad9eb0\" data-element_type=\"widget\" data-widget_type=\"image.default\">\n\t\t\t\t<div class=\"elementor-widget-container\">\n\t\t\t<style>\/*! elementor - v3.23.0 - 15-07-2024 *\/\n.elementor-widget-image{text-align:center}.elementor-widget-image a{display:inline-block}.elementor-widget-image a img[src$=\".svg\"]{width:48px}.elementor-widget-image img{vertical-align:middle;display:inline-block}<\/style>\t\t\t\t\t\t\t\t\t\t<img fetchpriority=\"high\" decoding=\"async\" width=\"1444\" height=\"1100\" src=\"https:\/\/diligens.es\/wp-content\/uploads\/2024\/09\/transfer.png\" class=\"attachment-1536x1536 size-1536x1536 wp-image-1284\" alt=\"\" srcset=\"https:\/\/diligens.es\/wp-content\/uploads\/2024\/09\/transfer.png 1444w, https:\/\/diligens.es\/wp-content\/uploads\/2024\/09\/transfer-300x229.png 300w, https:\/\/diligens.es\/wp-content\/uploads\/2024\/09\/transfer-1024x780.png 1024w, https:\/\/diligens.es\/wp-content\/uploads\/2024\/09\/transfer-768x585.png 768w, https:\/\/diligens.es\/wp-content\/uploads\/2024\/09\/transfer-118x90.png 118w\" sizes=\"(max-width: 1444px) 100vw, 1444px\" \/>\t\t\t\t\t\t\t\t\t\t\t\t\t<\/div>\n\t\t\t\t<\/div>\n\t\t<div class=\"elementor-element elementor-element-74779d22 e-con-full e-flex e-con e-child\" data-id=\"74779d22\" data-element_type=\"container\">\n\t\t\t\t<div class=\"elementor-element elementor-element-4a967923 elementor-widget elementor-widget-heading\" data-id=\"4a967923\" data-element_type=\"widget\" data-widget_type=\"heading.default\">\n\t\t\t\t<div class=\"elementor-widget-container\">\n\t\t\t<style>\/*! elementor - v3.23.0 - 15-07-2024 *\/\n.elementor-heading-title{padding:0;margin:0;line-height:1}.elementor-widget-heading .elementor-heading-title[class*=elementor-size-]>a{color:inherit;font-size:inherit;line-height:inherit}.elementor-widget-heading .elementor-heading-title.elementor-size-small{font-size:15px}.elementor-widget-heading .elementor-heading-title.elementor-size-medium{font-size:19px}.elementor-widget-heading .elementor-heading-title.elementor-size-large{font-size:29px}.elementor-widget-heading .elementor-heading-title.elementor-size-xl{font-size:39px}.elementor-widget-heading .elementor-heading-title.elementor-size-xxl{font-size:59px}<\/style><div class=\"title\"><h1 class=\"large\">Transfer Pricing<\/h1><\/div>\t\t<\/div>\n\t\t\t\t<\/div>\n\t\t\t\t<div class=\"elementor-element elementor-element-424f3b41 elementor-widget elementor-widget-heading\" data-id=\"424f3b41\" data-element_type=\"widget\" data-widget_type=\"heading.default\">\n\t\t\t\t<div class=\"elementor-widget-container\">\n\t\t\t<div class=\"title\"><div class=\"title-opacity\"><div class=\"title-opacity-text\">TRANS<\/div><\/div><\/div>\t\t<\/div>\n\t\t\t\t<\/div>\n\t\t\t\t<div class=\"elementor-element elementor-element-2ce01ff9 description spacer p-top-lg elementor-widget elementor-widget-text-editor\" data-id=\"2ce01ff9\" data-element_type=\"widget\" data-widget_type=\"text-editor.default\">\n\t\t\t\t<div class=\"elementor-widget-container\">\n\t\t\t<style>\/*! elementor - v3.23.0 - 15-07-2024 *\/\n.elementor-widget-text-editor.elementor-drop-cap-view-stacked .elementor-drop-cap{background-color:#69727d;color:#fff}.elementor-widget-text-editor.elementor-drop-cap-view-framed .elementor-drop-cap{color:#69727d;border:3px solid;background-color:transparent}.elementor-widget-text-editor:not(.elementor-drop-cap-view-default) .elementor-drop-cap{margin-top:8px}.elementor-widget-text-editor:not(.elementor-drop-cap-view-default) .elementor-drop-cap-letter{width:1em;height:1em}.elementor-widget-text-editor .elementor-drop-cap{float:left;text-align:center;line-height:1;font-size:50px}.elementor-widget-text-editor .elementor-drop-cap-letter{display:inline-block}<\/style>\t\t\t\t<p>Nowadays <strong>we live in a complex and globalized economic environment<\/strong> in which the number of transactions between related parties increases day by day, and therefore the <strong>demands of the Tax Authorities<\/strong> also increases in order to obtain more transparency regarding such transactions.<\/p><p>Therefore, this new scenario of complexity <strong>requires an expertise<\/strong> that allows aligning the transfer pricing policy with each company\u2019s business strategy and to avoid tax risks that may exists with the related party transactions.<\/p>\t\t\t\t\t\t<\/div>\n\t\t\t\t<\/div>\n\t\t\t\t<\/div>\n\t\t\t\t\t<\/div>\n\t\t\t\t<\/div>\n\t\t<div class=\"elementor-element elementor-element-325e9adb e-flex e-con-boxed e-con e-parent\" data-id=\"325e9adb\" data-element_type=\"container\">\n\t\t\t\t\t<div class=\"e-con-inner\">\n\t\t<div class=\"elementor-element elementor-element-2720615b e-con-full e-flex e-con e-child\" data-id=\"2720615b\" data-element_type=\"container\">\n\t\t\t\t<div class=\"elementor-element elementor-element-6f04b892 elementor-widget elementor-widget-text-editor\" data-id=\"6f04b892\" data-element_type=\"widget\" data-widget_type=\"text-editor.default\">\n\t\t\t\t<div class=\"elementor-widget-container\">\n\t\t\t\t\t\t\t<div class=\"wpb_row vc_row vc_row-fluid jupiter-donut- mk-fullwidth-false attched-false js-master-row mk-grid mk-in-viewport\" data-mk-stretch-content=\"true\"><div class=\"vc_col-sm-6 wpb_column column_container jupiter-donut- _ jupiter-donut-height-full\"><div class=\"vc_custom_1548250092847\"><div id=\"text-block-5\" class=\"mk-text-block jupiter-donut-\"><p>In this sense, DILIGENS has <strong>transfer pricing experts<\/strong> that help each client to build comprehensive strategies allowing to achieve its international and operational objectives. On international services, DILIGENS has a network of TP experts, located in different countries, to cover any services required by our clients.<\/p><p>In this regard, it shall be remarked the worth of a correct planning for all companies willing to be established in our country, specially within low taxation areas like the Special Canary Islands Zone (ZEC), which offers important tax benefits for companies that, under certain requirements, are based in the Canary Islands.<\/p><p>The main transfer pricing services provided by DILIGENS are:<\/p><\/div><\/div><\/div><\/div><div class=\"wpb_row vc_row vc_row-fluid jupiter-donut- mk-fullwidth-false attched-false js-master-row mk-grid mk-in-viewport\" data-mk-stretch-content=\"true\"><div class=\"vc_col-sm-12 wpb_column column_container jupiter-donut- _ jupiter-donut-height-full\"><div class=\"vc_custom_1568803404472\"><div id=\"text-block-8\" class=\"mk-text-block jupiter-donut-\"><ul><li>Advisory for the design and planning of transfer pricing policies, with the aim of improving the tax efficiency of the companies.<\/li><li>Preparation of the transfer pricing documentation, either for national or International companies, complying with the local regulation of each country.<\/li><li>Preparation of the documentation for the application of APAs with the Tax Authorities, together with the corresponding negotiations.<\/li><li>Benchmarking studies, with the aim of establishing the pricing in the related-parties\u2019 transactions at arm\u2019s length.<\/li><li>Review of the tax picture of the company, detecting potential risks in terms of transfer pricing and designing the relevant recommendations to avoid the tax contingencies detected.<\/li><li>Advisory and assistance with the filling out of the 231 Form \u2013 Country by Country report and 232 Form \u2013 Statement of related-parties\u2019 transactions and transactions involving tax havens territories.<\/li><li>Assistance with the tax inspections for transfer pricing.<\/li><li>Review of agreements between related parties, from a transfer pricing perspective.<\/li><li>Assessment of the customs value for International trading transactions between related-parties.<\/li><\/ul><\/div><\/div><\/div><\/div>\t\t\t\t\t\t<\/div>\n\t\t\t\t<\/div>\n\t\t\t\t<\/div>\n\t\t\t\t\t<\/div>\n\t\t\t\t<\/div>\n\t\t        <div class=\"elementor-section elementor-inner-section elementor-element elementor-element-46446943 width-img elementor-section-boxed elementor-section-height-default elementor-section-height-default\" data-id=\"46446943\" data-element_type=\"section\" data-settings=\"{&quot;background_background&quot;:&quot;classic&quot;}\">\n                    \n        <div class=\"elementor-container elementor-column-gap-no spacer p-top-xl p-bottom-xl\">\n        \n                    <div class=\"elementor-row\">\n        \t\t<div class=\"elementor-column elementor-col-100 elementor-inner-column elementor-element elementor-element-6ae0ba48\" data-id=\"6ae0ba48\" data-element_type=\"column\" id=\"contact-form\">\n\t\t\t<div class=\"elementor-widget-wrap elementor-element-populated\">\n\t\t\t\t\t\t<div class=\"elementor-element elementor-element-5b6649c8 elementor-widget elementor-widget-heading\" data-id=\"5b6649c8\" data-element_type=\"widget\" data-widget_type=\"heading.default\">\n\t\t\t\t<div class=\"elementor-widget-container\">\n\t\t\t<div class=\"title\"><h3 class=\"pb-0\">Contact us<\/h3><\/div>\t\t<\/div>\n\t\t\t\t<\/div>\n\t\t\t\t<div class=\"elementor-element elementor-element-ac8f61d description-lg spacer p-top-lg elementor-widget elementor-widget-text-editor\" data-id=\"ac8f61d\" data-element_type=\"widget\" data-widget_type=\"text-editor.default\">\n\t\t\t\t<div class=\"elementor-widget-container\">\n\t\t\t\t\t\t\t<p>Contact us for detailed information about our services.<\/p>\t\t\t\t\t\t<\/div>\n\t\t\t\t<\/div>\n\t\t\t\t<div class=\"elementor-element elementor-element-18893ffa spacer p-top-lg elementor-widget elementor-widget-shortcode\" data-id=\"18893ffa\" data-element_type=\"widget\" data-widget_type=\"shortcode.default\">\n\t\t\t\t<div class=\"elementor-widget-container\">\n\t\t\t\t\t<div class=\"elementor-shortcode\">\n<div class=\"wpcf7 no-js\" id=\"wpcf7-f68-o1\" lang=\"en-US\" dir=\"ltr\" data-wpcf7-id=\"68\">\n<div class=\"screen-reader-response\"><p role=\"status\" aria-live=\"polite\" aria-atomic=\"true\"><\/p> <ul><\/ul><\/div>\n<form action=\"\/wp-json\/wp\/v2\/pages\/919\" method=\"post\" class=\"wpcf7-form init\" aria-label=\"Contact form\" novalidate=\"novalidate\" data-status=\"init\" data-trp-original-action=\"\/en\/wp-json\/wp\/v2\/pages\/919#wpcf7-f68-o1\">\n<div style=\"display: none;\">\n<input type=\"hidden\" name=\"_wpcf7\" value=\"68\" \/>\n<input type=\"hidden\" name=\"_wpcf7_version\" value=\"6.0.1\" \/>\n<input type=\"hidden\" name=\"_wpcf7_locale\" value=\"en_US\" \/>\n<input type=\"hidden\" name=\"_wpcf7_unit_tag\" value=\"wpcf7-f68-o1\" \/>\n<input type=\"hidden\" name=\"_wpcf7_container_post\" value=\"0\" \/>\n<input type=\"hidden\" name=\"_wpcf7_posted_data_hash\" value=\"\" \/>\n<input type=\"hidden\" name=\"_wpcf7_recaptcha_response\" value=\"\" \/>\n<\/div>\n<div class=\"form-group form-group-xs\">\n    <span class=\"wpcf7-form-control-wrap\" data-name=\"cf-1-name\"><input size=\"40\" maxlength=\"400\" class=\"wpcf7-form-control wpcf7-text wpcf7-validates-as-required form-control form-control-lg bg-gray-light\" id=\"cf-1-name\" aria-required=\"true\" aria-invalid=\"false\" placeholder=\"Name\" value=\"\" type=\"text\" name=\"cf-1-name\" \/><\/span>\n<\/div>\n\n<div class=\"form-group form-group-xs\">\n    <span class=\"wpcf7-form-control-wrap\" data-name=\"cf-1-email\"><input size=\"40\" maxlength=\"400\" class=\"wpcf7-form-control wpcf7-email wpcf7-validates-as-required wpcf7-text wpcf7-validates-as-email form-control form-control-lg bg-gray-light\" id=\"cf-1-email\" aria-required=\"true\" aria-invalid=\"false\" placeholder=\"E-mail\" value=\"\" type=\"email\" name=\"cf-1-email\" \/><\/span>\n<\/div>\n\n<div class=\"form-group form-group-xs\">\n    <span class=\"wpcf7-form-control-wrap\" data-name=\"cf-1-message\"><textarea cols=\"3\" rows=\"3\" maxlength=\"2000\" class=\"wpcf7-form-control wpcf7-textarea wpcf7-validates-as-required form-control form-control-lg bg-gray-light\" id=\"cf-1-message\" aria-required=\"true\" aria-invalid=\"false\" placeholder=\"How can we help?\" name=\"cf-1-message\"><\/textarea><\/span>\n<\/div>\n<div class=\"form-group form-group-xs mb-0\" style=\"margin-bottom: 52px !important;margin-top: 48px !important;\">\n<span class=\"wpcf7-form-control-wrap\" data-name=\"acceptance-620\"><span class=\"wpcf7-form-control wpcf7-acceptance\"><span class=\"wpcf7-list-item\"><label><input type=\"checkbox\" name=\"acceptance-620\" value=\"1\" aria-invalid=\"false\" \/><span class=\"wpcf7-list-item-label\">I have read and accept the <a href=\"https:\/\/diligens.es\/en\/politica-privacidad-proteccion-datos\/\" target=\"_blank\">Privacy Policy<\/a>The data entered in this form will be used for the purpose of responding to the query submitted.<\/span><\/label><\/span><\/span><\/span>\n<\/div>\n<div class=\"form-group form-group-xs mb-0\">\n    <button id=\"cf-1-submit\" class=\"wpcf7-form-control has-spinner wpcf7-submit btn btn-outline-secondary\">Send<\/button>\n<\/div><div class=\"wpcf7-response-output\" aria-hidden=\"true\"><\/div>\n<input type=\"hidden\" name=\"trp-form-language\" value=\"en\"\/><\/form>\n<\/div>\n<\/div>\n\t\t\t\t<\/div>\n\t\t\t\t<\/div>\n\t\t\t\t\t<\/div>\n\t\t<\/div>\n\t\t                    <\/div>\n                    <\/div>\n        <\/div>\n        \t\t<\/div>","protected":false},"excerpt":{"rendered":"<p>PRECIOS DE TRANSFERENCIA TRANS En la actualidad vivimos en un entorno econ\u00f3mico complejo y globalizado en el que el n\u00famero de transacciones entre partes vinculadas aumenta d\u00eda a d\u00eda y, con ello, tambi\u00e9n aumentan las exigencias de las autoridades fiscales para obtener una mayor transparencia de dichas operaciones. Por tanto, este nuevo escenario de complejidad [&hellip;]<\/p>","protected":false},"author":1,"featured_media":0,"parent":0,"menu_order":0,"comment_status":"closed","ping_status":"closed","template":"template\/page-no-title-and-content-full-width.php","meta":{"footnotes":""},"class_list":["post-919","page","type-page","status-publish","hentry"],"acf":[],"yoast_head":"<!-- This site is optimized with the Yoast SEO plugin v23.9 - https:\/\/yoast.com\/wordpress\/plugins\/seo\/ -->\n<title>PRECIOS DE TRANSFERENCIA - Diligens<\/title>\n<meta name=\"description\" content=\"Asesor\u00eda de Precios de Transferencia para empresas de Espa\u00f1a y el resto de Europa. Tambi\u00e9n elaboramos estudios de mercado y documentaci\u00f3n.\" \/>\n<meta name=\"robots\" content=\"index, follow, max-snippet:-1, max-image-preview:large, max-video-preview:-1\" \/>\n<link rel=\"canonical\" href=\"https:\/\/diligens.es\/en\/precios-de-transferencia\/\" \/>\n<meta property=\"og:locale\" content=\"en_US\" \/>\n<meta property=\"og:type\" content=\"article\" \/>\n<meta property=\"og:title\" content=\"PRECIOS DE TRANSFERENCIA - Diligens\" \/>\n<meta property=\"og:description\" content=\"Asesor\u00eda de Precios de Transferencia para empresas de Espa\u00f1a y el resto de Europa. Tambi\u00e9n elaboramos estudios de mercado y documentaci\u00f3n.\" \/>\n<meta property=\"og:url\" content=\"https:\/\/diligens.es\/en\/precios-de-transferencia\/\" \/>\n<meta property=\"og:site_name\" content=\"Diligens\" \/>\n<meta property=\"article:modified_time\" content=\"2024-12-02T14:29:26+00:00\" \/>\n<meta property=\"og:image\" content=\"https:\/\/diligens.es\/wp-content\/uploads\/2024\/09\/transfer.png\" \/>\n<meta name=\"twitter:card\" content=\"summary_large_image\" \/>\n<meta name=\"twitter:label1\" content=\"Est. reading time\" \/>\n\t<meta name=\"twitter:data1\" content=\"3 minutes\" \/>\n<script type=\"application\/ld+json\" class=\"yoast-schema-graph\">{\"@context\":\"https:\/\/schema.org\",\"@graph\":[{\"@type\":\"WebPage\",\"@id\":\"https:\/\/diligens.es\/en\/precios-de-transferencia\/\",\"url\":\"https:\/\/diligens.es\/en\/precios-de-transferencia\/\",\"name\":\"PRECIOS DE TRANSFERENCIA - Diligens\",\"isPartOf\":{\"@id\":\"https:\/\/diligens.es\/#website\"},\"primaryImageOfPage\":{\"@id\":\"https:\/\/diligens.es\/en\/precios-de-transferencia\/#primaryimage\"},\"image\":{\"@id\":\"https:\/\/diligens.es\/en\/precios-de-transferencia\/#primaryimage\"},\"thumbnailUrl\":\"https:\/\/diligens.es\/wp-content\/uploads\/2024\/09\/transfer.png\",\"datePublished\":\"2024-07-19T10:51:31+00:00\",\"dateModified\":\"2024-12-02T14:29:26+00:00\",\"description\":\"Asesor\u00eda de Precios de Transferencia para empresas de Espa\u00f1a y el resto de Europa. Tambi\u00e9n elaboramos estudios de mercado y documentaci\u00f3n.\",\"breadcrumb\":{\"@id\":\"https:\/\/diligens.es\/en\/precios-de-transferencia\/#breadcrumb\"},\"inLanguage\":\"en-US\",\"potentialAction\":[{\"@type\":\"ReadAction\",\"target\":[\"https:\/\/diligens.es\/en\/precios-de-transferencia\/\"]}]},{\"@type\":\"ImageObject\",\"inLanguage\":\"en-US\",\"@id\":\"https:\/\/diligens.es\/en\/precios-de-transferencia\/#primaryimage\",\"url\":\"https:\/\/diligens.es\/wp-content\/uploads\/2024\/09\/transfer.png\",\"contentUrl\":\"https:\/\/diligens.es\/wp-content\/uploads\/2024\/09\/transfer.png\"},{\"@type\":\"BreadcrumbList\",\"@id\":\"https:\/\/diligens.es\/en\/precios-de-transferencia\/#breadcrumb\",\"itemListElement\":[{\"@type\":\"ListItem\",\"position\":1,\"name\":\"Portada\",\"item\":\"https:\/\/diligens.es\/\"},{\"@type\":\"ListItem\",\"position\":2,\"name\":\"PRECIOS DE TRANSFERENCIA\"}]},{\"@type\":\"WebSite\",\"@id\":\"https:\/\/diligens.es\/#website\",\"url\":\"https:\/\/diligens.es\/\",\"name\":\"Diligens\",\"description\":\"\",\"publisher\":{\"@id\":\"https:\/\/diligens.es\/#organization\"},\"potentialAction\":[{\"@type\":\"SearchAction\",\"target\":{\"@type\":\"EntryPoint\",\"urlTemplate\":\"https:\/\/diligens.es\/?s={search_term_string}\"},\"query-input\":{\"@type\":\"PropertyValueSpecification\",\"valueRequired\":true,\"valueName\":\"search_term_string\"}}],\"inLanguage\":\"en-US\"},{\"@type\":\"Organization\",\"@id\":\"https:\/\/diligens.es\/#organization\",\"name\":\"Diligens\",\"url\":\"https:\/\/diligens.es\/\",\"logo\":{\"@type\":\"ImageObject\",\"inLanguage\":\"en-US\",\"@id\":\"https:\/\/diligens.es\/#\/schema\/logo\/image\/\",\"url\":\"https:\/\/diligens.es\/wp-content\/uploads\/2024\/10\/logodiligen.png\",\"contentUrl\":\"https:\/\/diligens.es\/wp-content\/uploads\/2024\/10\/logodiligen.png\",\"width\":1200,\"height\":430,\"caption\":\"Diligens\"},\"image\":{\"@id\":\"https:\/\/diligens.es\/#\/schema\/logo\/image\/\"}}]}<\/script>\n<!-- \/ Yoast SEO plugin. -->","yoast_head_json":{"title":"PRECIOS DE TRANSFERENCIA - Diligens","description":"Asesor\u00eda de Precios de Transferencia para empresas de Espa\u00f1a y el resto de Europa. Tambi\u00e9n elaboramos estudios de mercado y documentaci\u00f3n.","robots":{"index":"index","follow":"follow","max-snippet":"max-snippet:-1","max-image-preview":"max-image-preview:large","max-video-preview":"max-video-preview:-1"},"canonical":"https:\/\/diligens.es\/en\/precios-de-transferencia\/","og_locale":"en_US","og_type":"article","og_title":"PRECIOS DE TRANSFERENCIA - Diligens","og_description":"Asesor\u00eda de Precios de Transferencia para empresas de Espa\u00f1a y el resto de Europa. Tambi\u00e9n elaboramos estudios de mercado y documentaci\u00f3n.","og_url":"https:\/\/diligens.es\/en\/precios-de-transferencia\/","og_site_name":"Diligens","article_modified_time":"2024-12-02T14:29:26+00:00","og_image":[{"url":"https:\/\/diligens.es\/wp-content\/uploads\/2024\/09\/transfer.png"}],"twitter_card":"summary_large_image","twitter_misc":{"Est. reading time":"3 minutes"},"schema":{"@context":"https:\/\/schema.org","@graph":[{"@type":"WebPage","@id":"https:\/\/diligens.es\/en\/precios-de-transferencia\/","url":"https:\/\/diligens.es\/en\/precios-de-transferencia\/","name":"PRECIOS DE TRANSFERENCIA - Diligens","isPartOf":{"@id":"https:\/\/diligens.es\/#website"},"primaryImageOfPage":{"@id":"https:\/\/diligens.es\/en\/precios-de-transferencia\/#primaryimage"},"image":{"@id":"https:\/\/diligens.es\/en\/precios-de-transferencia\/#primaryimage"},"thumbnailUrl":"https:\/\/diligens.es\/wp-content\/uploads\/2024\/09\/transfer.png","datePublished":"2024-07-19T10:51:31+00:00","dateModified":"2024-12-02T14:29:26+00:00","description":"Asesor\u00eda de Precios de Transferencia para empresas de Espa\u00f1a y el resto de Europa. Tambi\u00e9n elaboramos estudios de mercado y documentaci\u00f3n.","breadcrumb":{"@id":"https:\/\/diligens.es\/en\/precios-de-transferencia\/#breadcrumb"},"inLanguage":"en-US","potentialAction":[{"@type":"ReadAction","target":["https:\/\/diligens.es\/en\/precios-de-transferencia\/"]}]},{"@type":"ImageObject","inLanguage":"en-US","@id":"https:\/\/diligens.es\/en\/precios-de-transferencia\/#primaryimage","url":"https:\/\/diligens.es\/wp-content\/uploads\/2024\/09\/transfer.png","contentUrl":"https:\/\/diligens.es\/wp-content\/uploads\/2024\/09\/transfer.png"},{"@type":"BreadcrumbList","@id":"https:\/\/diligens.es\/en\/precios-de-transferencia\/#breadcrumb","itemListElement":[{"@type":"ListItem","position":1,"name":"Portada","item":"https:\/\/diligens.es\/"},{"@type":"ListItem","position":2,"name":"PRECIOS DE TRANSFERENCIA"}]},{"@type":"WebSite","@id":"https:\/\/diligens.es\/#website","url":"https:\/\/diligens.es\/","name":"Diligens","description":"","publisher":{"@id":"https:\/\/diligens.es\/#organization"},"potentialAction":[{"@type":"SearchAction","target":{"@type":"EntryPoint","urlTemplate":"https:\/\/diligens.es\/?s={search_term_string}"},"query-input":{"@type":"PropertyValueSpecification","valueRequired":true,"valueName":"search_term_string"}}],"inLanguage":"en-US"},{"@type":"Organization","@id":"https:\/\/diligens.es\/#organization","name":"Diligens","url":"https:\/\/diligens.es\/","logo":{"@type":"ImageObject","inLanguage":"en-US","@id":"https:\/\/diligens.es\/#\/schema\/logo\/image\/","url":"https:\/\/diligens.es\/wp-content\/uploads\/2024\/10\/logodiligen.png","contentUrl":"https:\/\/diligens.es\/wp-content\/uploads\/2024\/10\/logodiligen.png","width":1200,"height":430,"caption":"Diligens"},"image":{"@id":"https:\/\/diligens.es\/#\/schema\/logo\/image\/"}}]}},"_links":{"self":[{"href":"https:\/\/diligens.es\/en\/wp-json\/wp\/v2\/pages\/919","targetHints":{"allow":["GET"]}}],"collection":[{"href":"https:\/\/diligens.es\/en\/wp-json\/wp\/v2\/pages"}],"about":[{"href":"https:\/\/diligens.es\/en\/wp-json\/wp\/v2\/types\/page"}],"author":[{"embeddable":true,"href":"https:\/\/diligens.es\/en\/wp-json\/wp\/v2\/users\/1"}],"replies":[{"embeddable":true,"href":"https:\/\/diligens.es\/en\/wp-json\/wp\/v2\/comments?post=919"}],"version-history":[{"count":44,"href":"https:\/\/diligens.es\/en\/wp-json\/wp\/v2\/pages\/919\/revisions"}],"predecessor-version":[{"id":5155,"href":"https:\/\/diligens.es\/en\/wp-json\/wp\/v2\/pages\/919\/revisions\/5155"}],"wp:attachment":[{"href":"https:\/\/diligens.es\/en\/wp-json\/wp\/v2\/media?parent=919"}],"curies":[{"name":"wp","href":"https:\/\/api.w.org\/{rel}","templated":true}]}}